  
{"id":1419,"date":"2021-12-24T09:34:07","date_gmt":"2021-12-24T08:34:07","guid":{"rendered":"https:\/\/discover-magazines.com\/?page_id=1419"},"modified":"2022-07-04T15:11:57","modified_gmt":"2022-07-04T13:11:57","slug":"discover-n24-st-barth","status":"publish","type":"page","link":"https:\/\/discover-magazines.com\/en\/magazine-presentation\/discover-n24-st-barth\/","title":{"rendered":"Discover n\u00b024 &#8211; St Barth"},"content":{"rendered":"\n[et_pb_section fb_built=&#8221;1&#8243; _builder_version=&#8221;3.22.7&#8243; background_image=&#8221;https:\/\/discover-magazines.com\/wp-content\/uploads\/2019\/06\/discover-magazines-trail-alex-walk.jpg&#8221;][\/et_pb_section][et_pb_section fb_built=&#8221;1&#8243; _builder_version=&#8221;3.22.7&#8243;][et_pb_row _builder_version=&#8221;3.25&#8243;][et_pb_column type=&#8221;4_4&#8243; _builder_version=&#8221;3.25&#8243; custom_padding=&#8221;|||&#8221; custom_padding__hover=&#8221;|||&#8221;][et_pb_text module_class=&#8221;titrePageBackground&#8221; _builder_version=&#8221;4.0.11&#8243;]Saint Barth\u00e9lemy[\/et_pb_text][et_pb_text module_class=&#8221;sousTitrePageBackground&#8221; _builder_version=&#8221;4.0.11&#8243; hover_enabled=&#8221;0&#8243;]Browse the 2021 issue of Discover Saint Barthelemy \u2013 n\u00b024\n[\/et_pb_text][\/et_pb_column][\/et_pb_row][et_pb_row column_structure=&#8221;2_3,1_3&#8243; _builder_version=&#8221;3.25&#8243; background_color=&#8221;#ffffff&#8221; custom_padding=&#8221;30px|30px|30px|30px|true|true&#8221; border_radii=&#8221;on|10px|10px|10px|10px&#8221; box_shadow_style=&#8221;preset1&#8243;][et_pb_column type=&#8221;2_3&#8243; _builder_version=&#8221;3.25&#8243; custom_padding=&#8221;|||&#8221; custom_padding__hover=&#8221;|||&#8221;][et_pb_text _builder_version=&#8221;4.0.11&#8243; custom_padding=&#8221;0px|||||&#8221; hover_enabled=&#8221;0&#8243;]<h1>Discover Saint Barth\u00e9lemy &#8211; n\u00b024<\/h1>\r\nAfter a dismal year 2020, we wanted to make 2021 a year of renewal and offer a new face for Discover magazine. The trials that the world has endured and is still undergoing have taught us humility and made us want to refocus on the essential: human beings and the beautiful things they are capable of creating.\r\n\r\nThis is why, over these pages, you will discover the people who make St. Barths so endearing. We have conceived this issue as a companion on your Saint-Barth peregrinations, hoping to provide you with helpful and relevant information. Two main themes are shaping this magazine: ecology and art.\r\n\r\nEcology indeed, because we must absolutely place it at the heart of our present lives, not just of our ideal future. Great associations are working to make sure that St. Barths remains the paradise you love so much. Committed projects are emerging. The will to preserve this place is omnipresent. We invite you to contact these associations if you feel concerned.\r\n\r\nArt as well, including craftsmanship, with the desire that inspired us to put forward creative people capable of bringing beauty to life between their fingers. Painting, plush photography, jewelry, so many creations to discover and small craftsmen and women to highlight. Just flash the QR Code of each article and discover their universe.\r\n\r\nThis is also St. Barths\u2019 true self, far from the sumptuous, luxurious villas: lives of ordinary people who seek to bring a little extra to this world which, as we have seen this year, is in dire need of it.\r\n\r\nCome dream with us and if you feel like it, please post a little comment on this new Discover edition\u2019s guestbook.[\/et_pb_text][\/et_pb_column][et_pb_column type=&#8221;1_3&#8243; _builder_version=&#8221;3.25&#8243; custom_padding=&#8221;|||&#8221; custom_padding__hover=&#8221;|||&#8221;][et_pb_button button_url=&#8221;https:\/\/discover-magazines.com\/magazines\/discover-st-barth\/24\/&#8221; button_text=&#8221;Read online issue #24&#8243; button_alignment=&#8221;center&#8221; _builder_version=&#8221;4.0.11&#8243; hover_enabled=&#8221;0&#8243;][\/et_pb_button][et_pb_image src=&#8221;https:\/\/discover-magazines.com\/wp-content\/uploads\/2021\/12\/discover-saint-barth-24.jpg&#8221; align_tablet=&#8221;center&#8221; align_phone=&#8221;&#8221; align_last_edited=&#8221;on|desktop&#8221; _builder_version=&#8221;4.0.11&#8243; hover_enabled=&#8221;0&#8243; border_radii=&#8221;on|10px|10px|10px|10px&#8221; box_shadow_style=&#8221;preset1&#8243;][\/et_pb_image][\/et_pb_column][\/et_pb_row][\/et_pb_section][et_pb_section fb_built=&#8221;1&#8243; _builder_version=&#8221;3.22.7&#8243; background_color=&#8221;#004977&#8243;][et_pb_row _builder_version=&#8221;3.25&#8243;][et_pb_column type=&#8221;4_4&#8243; _builder_version=&#8221;3.25&#8243; custom_padding=&#8221;|||&#8221; custom_padding__hover=&#8221;|||&#8221;][et_pb_text _builder_version=&#8221;4.0.11&#8243; text_font=&#8221;||||||||&#8221; background_layout=&#8221;dark&#8221;]<h2>L&#8217;\u00e9quipe de Discover St. Barth\u00e9l\u00e9my pour l&#8217;\u00e9dition 2020-2021<\/h2>[\/et_pb_text][\/et_pb_column][\/et_pb_row][et_pb_row column_structure=&#8221;1_2,1_2&#8243; _builder_version=&#8221;3.25&#8243;][et_pb_column type=&#8221;1_2&#8243; _builder_version=&#8221;3.25&#8243; custom_padding=&#8221;|||&#8221; custom_padding__hover=&#8221;|||&#8221;][et_pb_text _builder_version=&#8221;3.27.4&#8243; text_font=&#8221;||||||||&#8221; background_layout=&#8221;dark&#8221;]<blockquote>\r\n<p><strong>L&#8217;\u00e9quipe Discover<\/strong><\/p>\r\n<\/blockquote>\r\n<p><strong>Directeur de la publication<\/strong><br \/><span>William Rosa<\/span><br \/><strong>Commerciaux<\/strong><br \/><span>Guy Rosa &amp; Catherine Grasset<br \/><strong>Direction artistique<\/strong><br \/>July on the Moon<\/span><br \/><strong>Traductrice<br \/><\/strong><span>Alice Joncheray-Honneysett<\/span><br \/><strong>Photographe<\/strong><br \/><span>July on the Moon<\/span><\/p>[\/et_pb_text][\/et_pb_column][et_pb_column type=&#8221;1_2&#8243; _builder_version=&#8221;3.25&#8243; custom_padding=&#8221;|||&#8221; custom_padding__hover=&#8221;|||&#8221;][et_pb_text _builder_version=&#8221;4.0.11&#8243; text_font=&#8221;||||||||&#8221; background_layout=&#8221;dark&#8221; hover_enabled=&#8221;0&#8243; custom_padding=&#8221;||0px|1px||&#8221;]<blockquote><strong>Les contributeurs<\/strong><\/blockquote>\r\n<span style=\"font-size: 15px;\">Jeanne Le Menn qui a \u00e9t\u00e9 une v\u00e9ritable collaboratrice sur cet ambitieux projet et une aide pr\u00e9cieuse.\r\nAinsi qu&#8217;\u00e0 Vanessa Thuillier et Christiane Audibert qui ont contribu\u00e9 \u00e0 faire de ce magazine un bel ouvrage.<\/span>\r\n\r\nANGELA \/ ANNE-B\u00c9N\u00c9DICTE \/ CAROLE \/ ELEONOR \/ \u00c9LISE \/ EUG\u00c9NIE \/ HEIKE \/ JACQUES \/ JEAN-JACQUES \/ JIMMY \/ JULIETTE \/ KAY \/ LILI-ROSE \/ MARIE-ANG\u00c8LE \/ NATHALIE \/ NICOLAS \/ ODETTE \/ REBECCA \/ S\u00c9BASTIEN \/ S\u00c9VERINE \/ TIFANY \/ VALENTINE \/ VANESSA \/ VAL\u00c9RIE \/ V\u00c9RONIQUE \/ YANNIS \/ YVAN ANG\u00c9LIQUE, ANNA-LISA ET JASMINE DE TERRA \/ CHARLOTTE DE L\u2019EDEN ROCK \/ \u00c9MILIE ET LOLA DE MALOL \/ EMMANUEL ET JULIA DU TAMARIN \/ FABY, NANOU ET KELLY DE LOLITA JACA \/ FREDERICO DE CARLA SAINT-BARTH \/ AURORE ET SOLAL DE GIS\u00c8LE \/ MARIE-CLAIRE DE JUNIOR \/ MONIQUE, S\u00c9VERINE ET MARGARIDA DE POUPETTE \/ VAL\u00c9RIE ET SANDRA DE VANITA ROSA[\/et_pb_text][\/et_pb_column][\/et_pb_row][et_pb_row _builder_version=&#8221;3.25&#8243;][et_pb_column type=&#8221;4_4&#8243; _builder_version=&#8221;3.25&#8243; custom_padding=&#8221;|||&#8221; custom_padding__hover=&#8221;|||&#8221;][et_pb_text _builder_version=&#8221;3.27.4&#8243; text_font=&#8221;||||||||&#8221; background_layout=&#8221;dark&#8221;]<blockquote>\r\n<p><strong>Cr\u00e9dits<\/strong><\/p>\r\n<\/blockquote>\r\n<p><span>SIRET 398 567 289 00 10 \u2013 APE 5814Z \u2013 2016 ISSN 1165-4588 \u00a9 2010 \u2013 La loi du 11 mars 1957 interdit les copies et les reproductions destin\u00e9es \u00e0 l\u2019utilisation collective. Toute repr\u00e9sentation ou reproduction m\u00eame partielle faite par quelque proc\u00e9d\u00e9 que ce soit, sans le consentement de l\u2019auteur ou de ses ayants cause, est illicite et cause une contrefa\u00e7on sanctionn\u00e9e par les articles 425 et suivants du code p\u00e9nal. La marque Discover Saint Barth\u00e9lemy est d\u00e9pos\u00e9e en France et \u00e0 l\u2019\u00e9tranger. N\u00b0 de d\u00e9p\u00f4t : 885 309 \u2013 N\u00b0 d\u2019enregistrement : 1 591 983\u00a0<\/span><br \/><span>Date de d\u00e9p\u00f4t : 30 Octobre 1987 \u2013 Renouvellement : Octobre 2007 \u2013 Impression : Communaut\u00e9 Europ\u00e9enne.<\/span><\/p>[\/et_pb_text][\/et_pb_column][\/et_pb_row][et_pb_row _builder_version=&#8221;3.25&#8243;][et_pb_column type=&#8221;4_4&#8243; _builder_version=&#8221;3.25&#8243; custom_padding=&#8221;|||&#8221; custom_padding__hover=&#8221;|||&#8221;][et_pb_text _builder_version=&#8221;3.27.4&#8243; text_font=&#8221;||||||||&#8221; background_layout=&#8221;dark&#8221;]RETOUR SUR&#8230;\r\nRetour sur les pr\u00e9c\u00e9dentes couvertures de Discover Saint Martin \/ Sint Maarten.\r\n\r\n<img loading=\"lazy\" decoding=\"async\" src=\"https:\/\/discover-magazines.com\/wp-content\/uploads\/2019\/06\/covers-discover-saint-barthelemy.png\" width=\"800\" height=\"164\" alt=\"\" class=\"wp-image-211 alignnone size-full\" srcset=\"https:\/\/discover-magazines.com\/wp-content\/uploads\/2019\/06\/covers-discover-saint-barthelemy.png 800w, https:\/\/discover-magazines.com\/wp-content\/uploads\/2019\/06\/covers-discover-saint-barthelemy-300x62.png 300w, https:\/\/discover-magazines.com\/wp-content\/uploads\/2019\/06\/covers-discover-saint-barthelemy-768x157.png 768w\" sizes=\"(max-width: 800px) 100vw, 800px\" \/>[\/et_pb_text][\/et_pb_column][\/et_pb_row][\/et_pb_section]\n","protected":false},"excerpt":{"rendered":"<p>Saint Barth\u00e9lemyBrowse the 2021 issue of Discover Saint Barthelemy \u2013 n\u00b024 Discover Saint Barth\u00e9lemy &#8211; n\u00b024 After a dismal year 2020, we wanted to make 2021 a year of renewal and offer a new face for Discover magazine. The trials that the world has endured and is still undergoing have taught us humility and made [&hellip;]<\/p>\n","protected":false},"author":1,"featured_media":0,"parent":517,"menu_order":0,"comment_status":"closed","ping_status":"closed","template":"","meta":{"_acf_changed":false,"_et_pb_use_builder":"on","_et_pb_old_content":"","_et_gb_content_width":"","_monsterinsights_skip_tracking":false,"_monsterinsights_sitenote_active":false,"_monsterinsights_sitenote_note":"","_monsterinsights_sitenote_category":0,"_uf_show_specific_survey":0,"_uf_disable_surveys":false,"footnotes":""},"class_list":["post-1419","page","type-page","status-publish","hentry"],"acf":[],"yoast_head":"<!-- This site is optimized with the Yoast SEO plugin v26.5 - https:\/\/yoast.com\/wordpress\/plugins\/seo\/ -->\n<title>Magazine n\u00b024 - Discover of Saint Barth\u00e9l\u00e9my - Discover Magazines<\/title>\n<meta name=\"description\" content=\"Discover the latest edition of Saint Barth\u00e9l\u00e9my&#039;s Discover magazine. Check out our latest issue n\u00b024 directly online.\" \/>\n<meta name=\"robots\" content=\"index, follow, max-snippet:-1, max-image-preview:large, max-video-preview:-1\" \/>\n<link rel=\"canonical\" href=\"https:\/\/discover-magazines.com\/en\/magazine-presentation\/discover-n24-st-barth\/\" \/>\n<meta property=\"og:locale\" content=\"en_US\" \/>\n<meta property=\"og:type\" content=\"article\" \/>\n<meta property=\"og:title\" content=\"Magazine n\u00b024 - Discover of Saint Barth\u00e9l\u00e9my - Discover Magazines\" \/>\n<meta property=\"og:description\" content=\"Discover the latest edition of Saint Barth\u00e9l\u00e9my&#039;s Discover magazine. Check out our latest issue n\u00b024 directly online.\" \/>\n<meta property=\"og:url\" content=\"https:\/\/discover-magazines.com\/en\/magazine-presentation\/discover-n24-st-barth\/\" \/>\n<meta property=\"og:site_name\" content=\"Discover Magazines\" \/>\n<meta property=\"article:modified_time\" content=\"2022-07-04T13:11:57+00:00\" \/>\n<meta property=\"og:image\" content=\"https:\/\/discover-magazines.com\/wp-content\/uploads\/2019\/06\/covers-discover-saint-barthelemy.png\" \/>\n<meta name=\"twitter:card\" content=\"summary_large_image\" \/>\n<meta name=\"twitter:label1\" content=\"Est. reading time\" \/>\n\t<meta name=\"twitter:data1\" content=\"5 minutes\" \/>\n<script type=\"application\/ld+json\" class=\"yoast-schema-graph\">{\"@context\":\"https:\/\/schema.org\",\"@graph\":[{\"@type\":\"WebPage\",\"@id\":\"https:\/\/discover-magazines.com\/en\/magazine-presentation\/discover-n24-st-barth\/\",\"url\":\"https:\/\/discover-magazines.com\/en\/magazine-presentation\/discover-n24-st-barth\/\",\"name\":\"Magazine n\u00b024 - Discover of Saint Barth\u00e9l\u00e9my - Discover Magazines\",\"isPartOf\":{\"@id\":\"https:\/\/discover-magazines.com\/en\/#website\"},\"primaryImageOfPage\":{\"@id\":\"https:\/\/discover-magazines.com\/en\/magazine-presentation\/discover-n24-st-barth\/#primaryimage\"},\"image\":{\"@id\":\"https:\/\/discover-magazines.com\/en\/magazine-presentation\/discover-n24-st-barth\/#primaryimage\"},\"thumbnailUrl\":\"https:\/\/discover-magazines.com\/wp-content\/uploads\/2019\/06\/covers-discover-saint-barthelemy.png\",\"datePublished\":\"2021-12-24T08:34:07+00:00\",\"dateModified\":\"2022-07-04T13:11:57+00:00\",\"description\":\"Discover the latest edition of Saint Barth\u00e9l\u00e9my's Discover magazine. Check out our latest issue n\u00b024 directly online.\",\"breadcrumb\":{\"@id\":\"https:\/\/discover-magazines.com\/en\/magazine-presentation\/discover-n24-st-barth\/#breadcrumb\"},\"inLanguage\":\"en-US\",\"potentialAction\":[{\"@type\":\"ReadAction\",\"target\":[\"https:\/\/discover-magazines.com\/en\/magazine-presentation\/discover-n24-st-barth\/\"]}]},{\"@type\":\"ImageObject\",\"inLanguage\":\"en-US\",\"@id\":\"https:\/\/discover-magazines.com\/en\/magazine-presentation\/discover-n24-st-barth\/#primaryimage\",\"url\":\"https:\/\/discover-magazines.com\/wp-content\/uploads\/2019\/06\/covers-discover-saint-barthelemy.png\",\"contentUrl\":\"https:\/\/discover-magazines.com\/wp-content\/uploads\/2019\/06\/covers-discover-saint-barthelemy.png\"},{\"@type\":\"BreadcrumbList\",\"@id\":\"https:\/\/discover-magazines.com\/en\/magazine-presentation\/discover-n24-st-barth\/#breadcrumb\",\"itemListElement\":[{\"@type\":\"ListItem\",\"position\":1,\"name\":\"Accueil\",\"item\":\"https:\/\/discover-magazines.com\/en\/\"},{\"@type\":\"ListItem\",\"position\":2,\"name\":\"Magazine presentation\",\"item\":\"https:\/\/discover-magazines.com\/en\/magazine-presentation\/\"},{\"@type\":\"ListItem\",\"position\":3,\"name\":\"Discover n\u00b024 &#8211; St Barth\"}]},{\"@type\":\"WebSite\",\"@id\":\"https:\/\/discover-magazines.com\/en\/#website\",\"url\":\"https:\/\/discover-magazines.com\/en\/\",\"name\":\"Discover Magazines\",\"description\":\"Un site utilisant WordPress\",\"potentialAction\":[{\"@type\":\"SearchAction\",\"target\":{\"@type\":\"EntryPoint\",\"urlTemplate\":\"https:\/\/discover-magazines.com\/en\/?s={search_term_string}\"},\"query-input\":{\"@type\":\"PropertyValueSpecification\",\"valueRequired\":true,\"valueName\":\"search_term_string\"}}],\"inLanguage\":\"en-US\"}]}<\/script>\n<!-- \/ Yoast SEO plugin. -->","yoast_head_json":{"title":"Magazine n\u00b024 - Discover of Saint Barth\u00e9l\u00e9my - Discover Magazines","description":"Discover the latest edition of Saint Barth\u00e9l\u00e9my's Discover magazine. Check out our latest issue n\u00b024 directly online.","robots":{"index":"index","follow":"follow","max-snippet":"max-snippet:-1","max-image-preview":"max-image-preview:large","max-video-preview":"max-video-preview:-1"},"canonical":"https:\/\/discover-magazines.com\/en\/magazine-presentation\/discover-n24-st-barth\/","og_locale":"en_US","og_type":"article","og_title":"Magazine n\u00b024 - Discover of Saint Barth\u00e9l\u00e9my - Discover Magazines","og_description":"Discover the latest edition of Saint Barth\u00e9l\u00e9my's Discover magazine. Check out our latest issue n\u00b024 directly online.","og_url":"https:\/\/discover-magazines.com\/en\/magazine-presentation\/discover-n24-st-barth\/","og_site_name":"Discover Magazines","article_modified_time":"2022-07-04T13:11:57+00:00","og_image":[{"url":"https:\/\/discover-magazines.com\/wp-content\/uploads\/2019\/06\/covers-discover-saint-barthelemy.png","type":"","width":"","height":""}],"twitter_card":"summary_large_image","twitter_misc":{"Est. reading time":"5 minutes"},"schema":{"@context":"https:\/\/schema.org","@graph":[{"@type":"WebPage","@id":"https:\/\/discover-magazines.com\/en\/magazine-presentation\/discover-n24-st-barth\/","url":"https:\/\/discover-magazines.com\/en\/magazine-presentation\/discover-n24-st-barth\/","name":"Magazine n\u00b024 - Discover of Saint Barth\u00e9l\u00e9my - Discover Magazines","isPartOf":{"@id":"https:\/\/discover-magazines.com\/en\/#website"},"primaryImageOfPage":{"@id":"https:\/\/discover-magazines.com\/en\/magazine-presentation\/discover-n24-st-barth\/#primaryimage"},"image":{"@id":"https:\/\/discover-magazines.com\/en\/magazine-presentation\/discover-n24-st-barth\/#primaryimage"},"thumbnailUrl":"https:\/\/discover-magazines.com\/wp-content\/uploads\/2019\/06\/covers-discover-saint-barthelemy.png","datePublished":"2021-12-24T08:34:07+00:00","dateModified":"2022-07-04T13:11:57+00:00","description":"Discover the latest edition of Saint Barth\u00e9l\u00e9my's Discover magazine. Check out our latest issue n\u00b024 directly online.","breadcrumb":{"@id":"https:\/\/discover-magazines.com\/en\/magazine-presentation\/discover-n24-st-barth\/#breadcrumb"},"inLanguage":"en-US","potentialAction":[{"@type":"ReadAction","target":["https:\/\/discover-magazines.com\/en\/magazine-presentation\/discover-n24-st-barth\/"]}]},{"@type":"ImageObject","inLanguage":"en-US","@id":"https:\/\/discover-magazines.com\/en\/magazine-presentation\/discover-n24-st-barth\/#primaryimage","url":"https:\/\/discover-magazines.com\/wp-content\/uploads\/2019\/06\/covers-discover-saint-barthelemy.png","contentUrl":"https:\/\/discover-magazines.com\/wp-content\/uploads\/2019\/06\/covers-discover-saint-barthelemy.png"},{"@type":"BreadcrumbList","@id":"https:\/\/discover-magazines.com\/en\/magazine-presentation\/discover-n24-st-barth\/#breadcrumb","itemListElement":[{"@type":"ListItem","position":1,"name":"Accueil","item":"https:\/\/discover-magazines.com\/en\/"},{"@type":"ListItem","position":2,"name":"Magazine presentation","item":"https:\/\/discover-magazines.com\/en\/magazine-presentation\/"},{"@type":"ListItem","position":3,"name":"Discover n\u00b024 &#8211; St Barth"}]},{"@type":"WebSite","@id":"https:\/\/discover-magazines.com\/en\/#website","url":"https:\/\/discover-magazines.com\/en\/","name":"Discover Magazines","description":"Un site utilisant WordPress","potentialAction":[{"@type":"SearchAction","target":{"@type":"EntryPoint","urlTemplate":"https:\/\/discover-magazines.com\/en\/?s={search_term_string}"},"query-input":{"@type":"PropertyValueSpecification","valueRequired":true,"valueName":"search_term_string"}}],"inLanguage":"en-US"}]}},"_links":{"self":[{"href":"https:\/\/discover-magazines.com\/en\/wp-json\/wp\/v2\/pages\/1419","targetHints":{"allow":["GET"]}}],"collection":[{"href":"https:\/\/discover-magazines.com\/en\/wp-json\/wp\/v2\/pages"}],"about":[{"href":"https:\/\/discover-magazines.com\/en\/wp-json\/wp\/v2\/types\/page"}],"author":[{"embeddable":true,"href":"https:\/\/discover-magazines.com\/en\/wp-json\/wp\/v2\/users\/1"}],"replies":[{"embeddable":true,"href":"https:\/\/discover-magazines.com\/en\/wp-json\/wp\/v2\/comments?post=1419"}],"version-history":[{"count":3,"href":"https:\/\/discover-magazines.com\/en\/wp-json\/wp\/v2\/pages\/1419\/revisions"}],"predecessor-version":[{"id":1442,"href":"https:\/\/discover-magazines.com\/en\/wp-json\/wp\/v2\/pages\/1419\/revisions\/1442"}],"up":[{"embeddable":true,"href":"https:\/\/discover-magazines.com\/en\/wp-json\/wp\/v2\/pages\/517"}],"wp:attachment":[{"href":"https:\/\/discover-magazines.com\/en\/wp-json\/wp\/v2\/media?parent=1419"}],"curies":[{"name":"wp","href":"https:\/\/api.w.org\/{rel}","templated":true}]}}