  
{"id":1444,"date":"2021-12-24T09:48:05","date_gmt":"2021-12-24T08:48:05","guid":{"rendered":"https:\/\/discover-magazines.com\/?page_id=1444"},"modified":"2022-07-04T15:12:15","modified_gmt":"2022-07-04T13:12:15","slug":"discover-n34-st-martin-st-maarten","status":"publish","type":"page","link":"https:\/\/discover-magazines.com\/en\/magazine-presentation\/discover-n34-st-martin-st-maarten\/","title":{"rendered":"Discover n\u00b034 &#8211; St Martin &#8211; St Maarten"},"content":{"rendered":"<p>[et_pb_section fb_built=&#8221;1&#8243; _builder_version=&#8221;3.22.7&#8243; background_image=&#8221;https:\/\/discover-magazines.com\/wp-content\/uploads\/2019\/06\/discover-magazines-mullet-aerien.jpg&#8221; background_position=&#8221;top_center&#8221;][\/et_pb_section][et_pb_section fb_built=&#8221;1&#8243; _builder_version=&#8221;3.22.7&#8243;][et_pb_row _builder_version=&#8221;3.25&#8243;][et_pb_column type=&#8221;4_4&#8243; _builder_version=&#8221;3.25&#8243; custom_padding=&#8221;|||&#8221; custom_padding__hover=&#8221;|||&#8221;][et_pb_text module_class=&#8221;titrePageBackground&#8221; _builder_version=&#8221;3.27.4&#8243;]St Martin &#8211; St Maarten[\/et_pb_text][et_pb_text module_class=&#8221;sousTitrePageBackground&#8221; _builder_version=&#8221;4.0.11&#8243; hover_enabled=&#8221;0&#8243; custom_padding=&#8221;||0px|||&#8221;]Browse the 2021 issue of Discover Saint Martin \u2013 Sint Maarten \u2013 n\u00b034<br \/>\n[\/et_pb_text][\/et_pb_column][\/et_pb_row][et_pb_row column_structure=&#8221;2_3,1_3&#8243; _builder_version=&#8221;3.25&#8243; background_color=&#8221;#ffffff&#8221; custom_padding=&#8221;30px|30px|30px|30px|true|true&#8221; border_radii=&#8221;on|10px|10px|10px|10px&#8221; box_shadow_style=&#8221;preset1&#8243;][et_pb_column type=&#8221;2_3&#8243; _builder_version=&#8221;3.25&#8243; custom_padding=&#8221;|||&#8221; custom_padding__hover=&#8221;|||&#8221;][et_pb_text _builder_version=&#8221;4.0.11&#8243; hover_enabled=&#8221;0&#8243;]<\/p>\n<h1>Discover n\u00b034<\/h1>\n<blockquote><\/blockquote>\n<p>&nbsp;<\/p>\n<p>For each and every one of us and in many different ways, the past two years have been extremely difficult, complicated and unprecedented. We have had to adapt to a new way of living, to learn new habits, to overcome the enormous problems created by the Covid-!9 crisis while remaining positive and drawing on our capacity to bounce back. On Saint Martin-Sint Maarten, this was nothing new. Long before the global pandemic and the upheavals it created, the residents of this island had mastered the art of making the most of the life available to them after devastating events. Every year, the island and its inhabitants face the threat of hurricanes, and when a disaster strikes, islanders\u2019 natural sense of solidarity and resilience gives them the energy and the will to repair, reconstruct, start over and continue to move ahead. Together and in spite of the challenges, Saint-Martiners rise again, stronger every time.<\/p>\n<p>The beauty of the island is indestructible. Its natural environment is sublime and unique, its population diverse and welcoming, its culture rich in history, reflecting the history of its people. No one remains indifferent to Saint Martin-Sint Maarten. Its charm has earned it the nickname of the Friendly Island, as it envelops every visitor in a sensation of instant wellbeing.<br \/>\nIn this 34th edition of Discover Magazine you will find only positive stories. It is a resilient Discover for the times. Talented residents, stunning landscapes, a glimpse of the history of the island, colorful images \u2026 An edition that showcases, as we do every year, our island, its beauty and its diversity[\/et_pb_text][\/et_pb_column][et_pb_column type=&#8221;1_3&#8243; _builder_version=&#8221;3.25&#8243; custom_padding=&#8221;|||&#8221; custom_padding__hover=&#8221;|||&#8221;][et_pb_button button_url=&#8221;https:\/\/discover-magazines.com\/magazines\/discover-st-martin-st-maarten\/34\/&#8221; button_text=&#8221;Read online issue #34&#8243; button_alignment=&#8221;center&#8221; _builder_version=&#8221;4.0.11&#8243; hover_enabled=&#8221;0&#8243;][\/et_pb_button][et_pb_image src=&#8221;https:\/\/discover-magazines.com\/wp-content\/uploads\/2021\/12\/discover-saint-martin-34-1.jpg&#8221; align_tablet=&#8221;center&#8221; align_phone=&#8221;&#8221; align_last_edited=&#8221;on|desktop&#8221; _builder_version=&#8221;4.0.11&#8243; hover_enabled=&#8221;0&#8243; border_radii=&#8221;on|10px|10px|10px|10px&#8221; box_shadow_style=&#8221;preset1&#8243;][\/et_pb_image][\/et_pb_column][\/et_pb_row][\/et_pb_section][et_pb_section fb_built=&#8221;1&#8243; _builder_version=&#8221;3.22.7&#8243; background_color=&#8221;#004977&#8243;][et_pb_row _builder_version=&#8221;3.25&#8243;][et_pb_column type=&#8221;4_4&#8243; _builder_version=&#8221;3.25&#8243; custom_padding=&#8221;|||&#8221; custom_padding__hover=&#8221;|||&#8221;][et_pb_text _builder_version=&#8221;3.27.4&#8243; text_font=&#8221;||||||||&#8221; background_layout=&#8221;dark&#8221;]<\/p>\n<h2>L&#8217;\u00e9quipe de Discover St. Martin<\/h2>\n<p>[\/et_pb_text][\/et_pb_column][\/et_pb_row][et_pb_row column_structure=&#8221;1_2,1_2&#8243; _builder_version=&#8221;3.25&#8243;][et_pb_column type=&#8221;1_2&#8243; _builder_version=&#8221;3.25&#8243; custom_padding=&#8221;|||&#8221; custom_padding__hover=&#8221;|||&#8221;][et_pb_text _builder_version=&#8221;4.0.11&#8243; text_font=&#8221;||||||||&#8221; background_layout=&#8221;dark&#8221;]<\/p>\n<blockquote>\n<p><strong>Discover\u2019s Team<\/strong><\/p>\n<\/blockquote>\n<p><strong>Directeur de la publication<\/strong><br \/> Guy Rosa<br \/> <strong>Directeur commercial<\/strong><br \/> William Rosa<br \/> <strong>Direction artistique <\/strong><br \/>Thomas Proust<br \/><strong>Graphisme<br \/><\/strong>St\u00e9phanie Leroy<br \/> <strong>R\u00e9gie publicitaire &amp; fabrication<\/strong><br \/> SNC Rosdal Saint Martin<\/p>\n<p>[\/et_pb_text][\/et_pb_column][et_pb_column type=&#8221;1_2&#8243; _builder_version=&#8221;3.25&#8243; custom_padding=&#8221;|||&#8221; custom_padding__hover=&#8221;|||&#8221;][et_pb_text _builder_version=&#8221;4.0.11&#8243; text_font=&#8221;||||||||&#8221; background_layout=&#8221;dark&#8221;]<\/p>\n<blockquote>\n<p><strong>Les contributeurs<\/strong><\/p>\n<\/blockquote>\n<p><strong>R\u00e9daction <\/strong><br \/> Charlotte Reville | Rolan Richardson<br \/> <strong>Traduction<\/strong><br \/> Kay Bourlier<br \/> <strong>Photographie<\/strong><br \/>Thomas Proust | Steph Deziles | Christian Mansana | Gr\u00e9gory Rohard | Donovane Tremor<\/p>\n<p>[\/et_pb_text][\/et_pb_column][\/et_pb_row][et_pb_row _builder_version=&#8221;3.25&#8243;][et_pb_column type=&#8221;4_4&#8243; _builder_version=&#8221;3.25&#8243; custom_padding=&#8221;|||&#8221; custom_padding__hover=&#8221;|||&#8221;][et_pb_text _builder_version=&#8221;3.27.4&#8243; text_font=&#8221;||||||||&#8221; background_layout=&#8221;dark&#8221;]<\/p>\n<blockquote>\n<p><strong>Cr\u00e9dits<\/strong><\/p>\n<\/blockquote>\n<p>Discover Saint-Martin n\u00b032 \/ 2018 &#8211; ISSN 1165-4589 \u00a9 2010 &#8211; Discover Saint-Martin \/ Sint Maarten est \u00e9dit\u00e9 par : SNC Rosdal Saint-Martin &#8211; ZA1 Bellevue B.P. 478 97055 Saint-Martin Cedex &#8211; T\u00e9l. : 05 90 77 48 10 &#8211; snc.rosdal@gmail.com &#8211; www.discover-magazines.com &#8211; www.rosdal.com &#8211; Siret 398 567 289 000 &#8211; 10 APE 5814 Z &#8211; La loi du 11 mars 1957 interdit les copies et les reproductions destin\u00e9es \u00e0 l\u2019utilisation collective. &#8211; Toute repr\u00e9sentation ou reproduction m\u00eame partielle faite par quelque proc\u00e9d\u00e9 que ce soit, sans le consentement de l\u2019auteur ou de ses ayants cause, est illicite et cause une contrefa\u00e7on sanctionn\u00e9e par les articles 425 et suivants du code p\u00e9nal. &#8211; La marque Discover Saint-Martin est d\u00e9pos\u00e9e en France et \u00e0 l\u2019\u00e9tranger. &#8211; N\u00b0 de d\u00e9p\u00f4t : 885 309 &#8211; N\u00b0 d\u2019enregistrement : 1 591 981 &#8211; Date de d\u00e9p\u00f4t : 30 Octobre 1987 &#8211; Renouvellement : Octobre 2007 &#8211; Impression : Grupo Monterreina &#8211; Communaut\u00e9 Europ\u00e9enne<\/p>\n<p>[\/et_pb_text][\/et_pb_column][\/et_pb_row][et_pb_row _builder_version=&#8221;3.25&#8243;][et_pb_column type=&#8221;4_4&#8243; _builder_version=&#8221;3.25&#8243; custom_padding=&#8221;|||&#8221; custom_padding__hover=&#8221;|||&#8221;][et_pb_text _builder_version=&#8221;3.27.4&#8243; text_font=&#8221;||||||||&#8221; background_layout=&#8221;dark&#8221;]RETOUR SUR&#8230;<br \/>\nRetour sur les pr\u00e9c\u00e9dentes couvertures de Discover Saint Martin \/ Sint Maarten.<\/p>\n<p><img loading=\"lazy\" decoding=\"async\" src=\"https:\/\/discover-magazines.com\/wp-content\/uploads\/2019\/06\/covers-discover-saint-martin.png\" width=\"800\" height=\"164\" alt=\"\" class=\"wp-image-205 size-full\" srcset=\"https:\/\/discover-magazines.com\/wp-content\/uploads\/2019\/06\/covers-discover-saint-martin.png 800w, https:\/\/discover-magazines.com\/wp-content\/uploads\/2019\/06\/covers-discover-saint-martin-300x62.png 300w, https:\/\/discover-magazines.com\/wp-content\/uploads\/2019\/06\/covers-discover-saint-martin-768x157.png 768w\" sizes=\"(max-width: 800px) 100vw, 800px\" \/>[\/et_pb_text][\/et_pb_column][\/et_pb_row][\/et_pb_section]<\/p>\n","protected":false},"excerpt":{"rendered":"<p>St Martin &#8211; St MaartenBrowse the 2021 issue of Discover Saint Martin \u2013 Sint Maarten \u2013 n\u00b034 Discover n\u00b034 &nbsp; For each and every one of us and in many different ways, the past two years have been extremely difficult, complicated and unprecedented. We have had to adapt to a new way of living, to [&hellip;]<\/p>\n","protected":false},"author":1,"featured_media":0,"parent":517,"menu_order":0,"comment_status":"closed","ping_status":"closed","template":"","meta":{"_acf_changed":false,"_et_pb_use_builder":"on","_et_pb_old_content":"","_et_gb_content_width":"","_monsterinsights_skip_tracking":false,"_monsterinsights_sitenote_active":false,"_monsterinsights_sitenote_note":"","_monsterinsights_sitenote_category":0,"_uf_show_specific_survey":0,"_uf_disable_surveys":false,"footnotes":""},"class_list":["post-1444","page","type-page","status-publish","hentry"],"acf":[],"yoast_head":"<!-- This site is optimized with the Yoast SEO plugin v26.5 - https:\/\/yoast.com\/wordpress\/plugins\/seo\/ -->\n<title>Magazine n\u00b034 - Discover of Saint Martin \/ Sint Maarten - Discover Magazines<\/title>\n<meta name=\"description\" content=\"Discover the latest edition of Discover magazine of Saint Martin and Sint Maarten. Check out our latest issue n\u00b034 directly online.\" \/>\n<meta name=\"robots\" content=\"index, follow, max-snippet:-1, max-image-preview:large, max-video-preview:-1\" \/>\n<link rel=\"canonical\" href=\"https:\/\/discover-magazines.com\/en\/magazine-presentation\/discover-n34-st-martin-st-maarten\/\" \/>\n<meta property=\"og:locale\" content=\"en_US\" \/>\n<meta property=\"og:type\" content=\"article\" \/>\n<meta property=\"og:title\" content=\"Magazine n\u00b034 - Discover of Saint Martin \/ Sint Maarten - Discover Magazines\" \/>\n<meta property=\"og:description\" content=\"Discover the latest edition of Discover magazine of Saint Martin and Sint Maarten. Check out our latest issue n\u00b034 directly online.\" \/>\n<meta property=\"og:url\" content=\"https:\/\/discover-magazines.com\/en\/magazine-presentation\/discover-n34-st-martin-st-maarten\/\" \/>\n<meta property=\"og:site_name\" content=\"Discover Magazines\" \/>\n<meta property=\"article:modified_time\" content=\"2022-07-04T13:12:15+00:00\" \/>\n<meta property=\"og:image\" content=\"https:\/\/discover-magazines.com\/wp-content\/uploads\/2019\/06\/covers-discover-saint-martin.png\" \/>\n<meta name=\"twitter:card\" content=\"summary_large_image\" \/>\n<meta name=\"twitter:label1\" content=\"Est. reading time\" \/>\n\t<meta name=\"twitter:data1\" content=\"5 minutes\" \/>\n<script type=\"application\/ld+json\" class=\"yoast-schema-graph\">{\"@context\":\"https:\/\/schema.org\",\"@graph\":[{\"@type\":\"WebPage\",\"@id\":\"https:\/\/discover-magazines.com\/en\/magazine-presentation\/discover-n34-st-martin-st-maarten\/\",\"url\":\"https:\/\/discover-magazines.com\/en\/magazine-presentation\/discover-n34-st-martin-st-maarten\/\",\"name\":\"Magazine n\u00b034 - Discover of Saint Martin \/ Sint Maarten - Discover Magazines\",\"isPartOf\":{\"@id\":\"https:\/\/discover-magazines.com\/en\/#website\"},\"primaryImageOfPage\":{\"@id\":\"https:\/\/discover-magazines.com\/en\/magazine-presentation\/discover-n34-st-martin-st-maarten\/#primaryimage\"},\"image\":{\"@id\":\"https:\/\/discover-magazines.com\/en\/magazine-presentation\/discover-n34-st-martin-st-maarten\/#primaryimage\"},\"thumbnailUrl\":\"https:\/\/discover-magazines.com\/wp-content\/uploads\/2019\/06\/covers-discover-saint-martin.png\",\"datePublished\":\"2021-12-24T08:48:05+00:00\",\"dateModified\":\"2022-07-04T13:12:15+00:00\",\"description\":\"Discover the latest edition of Discover magazine of Saint Martin and Sint Maarten. Check out our latest issue n\u00b034 directly online.\",\"breadcrumb\":{\"@id\":\"https:\/\/discover-magazines.com\/en\/magazine-presentation\/discover-n34-st-martin-st-maarten\/#breadcrumb\"},\"inLanguage\":\"en-US\",\"potentialAction\":[{\"@type\":\"ReadAction\",\"target\":[\"https:\/\/discover-magazines.com\/en\/magazine-presentation\/discover-n34-st-martin-st-maarten\/\"]}]},{\"@type\":\"ImageObject\",\"inLanguage\":\"en-US\",\"@id\":\"https:\/\/discover-magazines.com\/en\/magazine-presentation\/discover-n34-st-martin-st-maarten\/#primaryimage\",\"url\":\"https:\/\/discover-magazines.com\/wp-content\/uploads\/2019\/06\/covers-discover-saint-martin.png\",\"contentUrl\":\"https:\/\/discover-magazines.com\/wp-content\/uploads\/2019\/06\/covers-discover-saint-martin.png\"},{\"@type\":\"BreadcrumbList\",\"@id\":\"https:\/\/discover-magazines.com\/en\/magazine-presentation\/discover-n34-st-martin-st-maarten\/#breadcrumb\",\"itemListElement\":[{\"@type\":\"ListItem\",\"position\":1,\"name\":\"Accueil\",\"item\":\"https:\/\/discover-magazines.com\/en\/\"},{\"@type\":\"ListItem\",\"position\":2,\"name\":\"Magazine presentation\",\"item\":\"https:\/\/discover-magazines.com\/en\/magazine-presentation\/\"},{\"@type\":\"ListItem\",\"position\":3,\"name\":\"Discover n\u00b034 &#8211; St Martin &#8211; St Maarten\"}]},{\"@type\":\"WebSite\",\"@id\":\"https:\/\/discover-magazines.com\/en\/#website\",\"url\":\"https:\/\/discover-magazines.com\/en\/\",\"name\":\"Discover Magazines\",\"description\":\"Un site utilisant WordPress\",\"potentialAction\":[{\"@type\":\"SearchAction\",\"target\":{\"@type\":\"EntryPoint\",\"urlTemplate\":\"https:\/\/discover-magazines.com\/en\/?s={search_term_string}\"},\"query-input\":{\"@type\":\"PropertyValueSpecification\",\"valueRequired\":true,\"valueName\":\"search_term_string\"}}],\"inLanguage\":\"en-US\"}]}<\/script>\n<!-- \/ Yoast SEO plugin. -->","yoast_head_json":{"title":"Magazine n\u00b034 - Discover of Saint Martin \/ Sint Maarten - Discover Magazines","description":"Discover the latest edition of Discover magazine of Saint Martin and Sint Maarten. Check out our latest issue n\u00b034 directly online.","robots":{"index":"index","follow":"follow","max-snippet":"max-snippet:-1","max-image-preview":"max-image-preview:large","max-video-preview":"max-video-preview:-1"},"canonical":"https:\/\/discover-magazines.com\/en\/magazine-presentation\/discover-n34-st-martin-st-maarten\/","og_locale":"en_US","og_type":"article","og_title":"Magazine n\u00b034 - Discover of Saint Martin \/ Sint Maarten - Discover Magazines","og_description":"Discover the latest edition of Discover magazine of Saint Martin and Sint Maarten. Check out our latest issue n\u00b034 directly online.","og_url":"https:\/\/discover-magazines.com\/en\/magazine-presentation\/discover-n34-st-martin-st-maarten\/","og_site_name":"Discover Magazines","article_modified_time":"2022-07-04T13:12:15+00:00","og_image":[{"url":"https:\/\/discover-magazines.com\/wp-content\/uploads\/2019\/06\/covers-discover-saint-martin.png","type":"","width":"","height":""}],"twitter_card":"summary_large_image","twitter_misc":{"Est. reading time":"5 minutes"},"schema":{"@context":"https:\/\/schema.org","@graph":[{"@type":"WebPage","@id":"https:\/\/discover-magazines.com\/en\/magazine-presentation\/discover-n34-st-martin-st-maarten\/","url":"https:\/\/discover-magazines.com\/en\/magazine-presentation\/discover-n34-st-martin-st-maarten\/","name":"Magazine n\u00b034 - Discover of Saint Martin \/ Sint Maarten - Discover Magazines","isPartOf":{"@id":"https:\/\/discover-magazines.com\/en\/#website"},"primaryImageOfPage":{"@id":"https:\/\/discover-magazines.com\/en\/magazine-presentation\/discover-n34-st-martin-st-maarten\/#primaryimage"},"image":{"@id":"https:\/\/discover-magazines.com\/en\/magazine-presentation\/discover-n34-st-martin-st-maarten\/#primaryimage"},"thumbnailUrl":"https:\/\/discover-magazines.com\/wp-content\/uploads\/2019\/06\/covers-discover-saint-martin.png","datePublished":"2021-12-24T08:48:05+00:00","dateModified":"2022-07-04T13:12:15+00:00","description":"Discover the latest edition of Discover magazine of Saint Martin and Sint Maarten. Check out our latest issue n\u00b034 directly online.","breadcrumb":{"@id":"https:\/\/discover-magazines.com\/en\/magazine-presentation\/discover-n34-st-martin-st-maarten\/#breadcrumb"},"inLanguage":"en-US","potentialAction":[{"@type":"ReadAction","target":["https:\/\/discover-magazines.com\/en\/magazine-presentation\/discover-n34-st-martin-st-maarten\/"]}]},{"@type":"ImageObject","inLanguage":"en-US","@id":"https:\/\/discover-magazines.com\/en\/magazine-presentation\/discover-n34-st-martin-st-maarten\/#primaryimage","url":"https:\/\/discover-magazines.com\/wp-content\/uploads\/2019\/06\/covers-discover-saint-martin.png","contentUrl":"https:\/\/discover-magazines.com\/wp-content\/uploads\/2019\/06\/covers-discover-saint-martin.png"},{"@type":"BreadcrumbList","@id":"https:\/\/discover-magazines.com\/en\/magazine-presentation\/discover-n34-st-martin-st-maarten\/#breadcrumb","itemListElement":[{"@type":"ListItem","position":1,"name":"Accueil","item":"https:\/\/discover-magazines.com\/en\/"},{"@type":"ListItem","position":2,"name":"Magazine presentation","item":"https:\/\/discover-magazines.com\/en\/magazine-presentation\/"},{"@type":"ListItem","position":3,"name":"Discover n\u00b034 &#8211; St Martin &#8211; St Maarten"}]},{"@type":"WebSite","@id":"https:\/\/discover-magazines.com\/en\/#website","url":"https:\/\/discover-magazines.com\/en\/","name":"Discover Magazines","description":"Un site utilisant WordPress","potentialAction":[{"@type":"SearchAction","target":{"@type":"EntryPoint","urlTemplate":"https:\/\/discover-magazines.com\/en\/?s={search_term_string}"},"query-input":{"@type":"PropertyValueSpecification","valueRequired":true,"valueName":"search_term_string"}}],"inLanguage":"en-US"}]}},"_links":{"self":[{"href":"https:\/\/discover-magazines.com\/en\/wp-json\/wp\/v2\/pages\/1444","targetHints":{"allow":["GET"]}}],"collection":[{"href":"https:\/\/discover-magazines.com\/en\/wp-json\/wp\/v2\/pages"}],"about":[{"href":"https:\/\/discover-magazines.com\/en\/wp-json\/wp\/v2\/types\/page"}],"author":[{"embeddable":true,"href":"https:\/\/discover-magazines.com\/en\/wp-json\/wp\/v2\/users\/1"}],"replies":[{"embeddable":true,"href":"https:\/\/discover-magazines.com\/en\/wp-json\/wp\/v2\/comments?post=1444"}],"version-history":[{"count":3,"href":"https:\/\/discover-magazines.com\/en\/wp-json\/wp\/v2\/pages\/1444\/revisions"}],"predecessor-version":[{"id":1450,"href":"https:\/\/discover-magazines.com\/en\/wp-json\/wp\/v2\/pages\/1444\/revisions\/1450"}],"up":[{"embeddable":true,"href":"https:\/\/discover-magazines.com\/en\/wp-json\/wp\/v2\/pages\/517"}],"wp:attachment":[{"href":"https:\/\/discover-magazines.com\/en\/wp-json\/wp\/v2\/media?parent=1444"}],"curies":[{"name":"wp","href":"https:\/\/api.w.org\/{rel}","templated":true}]}}