  
{"id":1707,"date":"2024-12-02T14:48:42","date_gmt":"2024-12-02T13:48:42","guid":{"rendered":"https:\/\/discover-magazines.com\/?page_id=1707"},"modified":"2024-12-02T14:48:44","modified_gmt":"2024-12-02T13:48:44","slug":"discover-n27-st-barth","status":"publish","type":"page","link":"https:\/\/discover-magazines.com\/en\/magazine-presentation\/discover-n27-st-barth\/","title":{"rendered":"Discover n\u00b027 &#8211; St Barth"},"content":{"rendered":"<p>[et_pb_section fb_built=&#8221;1&#8243; _builder_version=&#8221;4.16&#8243; background_image=&#8221;https:\/\/discover-magazines.com\/wp-content\/uploads\/2019\/06\/discover-magazines-trail-alex-walk.jpg&#8221; global_colors_info=&#8221;{}&#8221;][\/et_pb_section][et_pb_section fb_built=&#8221;1&#8243; _builder_version=&#8221;4.16&#8243; global_colors_info=&#8221;{}&#8221;][et_pb_row _builder_version=&#8221;4.16&#8243; global_colors_info=&#8221;{}&#8221;][et_pb_column type=&#8221;4_4&#8243; _builder_version=&#8221;4.16&#8243; custom_padding=&#8221;|||&#8221; global_colors_info=&#8221;{}&#8221; custom_padding__hover=&#8221;|||&#8221;][et_pb_text module_class=&#8221;titrePageBackground&#8221; _builder_version=&#8221;4.16&#8243; global_colors_info=&#8221;{}&#8221;]Saint Barth\u00e9lemy[\/et_pb_text][et_pb_text module_class=&#8221;sousTitrePageBackground&#8221; _builder_version=&#8221;4.23.1&#8243; hover_enabled=&#8221;0&#8243; global_colors_info=&#8221;{}&#8221; sticky_enabled=&#8221;0&#8243;]Read online issue #27[\/et_pb_text][\/et_pb_column][\/et_pb_row][et_pb_row column_structure=&#8221;2_3,1_3&#8243; _builder_version=&#8221;4.16&#8243; background_color=&#8221;#ffffff&#8221; custom_padding=&#8221;30px|30px|30px|30px|true|true&#8221; border_radii=&#8221;on|10px|10px|10px|10px&#8221; box_shadow_style=&#8221;preset1&#8243; global_colors_info=&#8221;{}&#8221;][et_pb_column type=&#8221;2_3&#8243; _builder_version=&#8221;4.16&#8243; custom_padding=&#8221;|||&#8221; global_colors_info=&#8221;{}&#8221; custom_padding__hover=&#8221;|||&#8221;][et_pb_text _builder_version=&#8221;4.23.1&#8243; custom_padding=&#8221;0px|||||&#8221; hover_enabled=&#8221;0&#8243; global_colors_info=&#8221;{}&#8221; sticky_enabled=&#8221;0&#8243;]<\/p>\n<h1>\u00a0Discover Saint Barth\u00e9lemy &#8211; n\u00b027<\/h1>\n<div class=\"page\" title=\"Page 16\">\n<div class=\"section\">\n<div class=\"layoutArea\">\n<div class=\"column\">\n<p class=\"p1\" style=\"text-align: left;\">Dear Reader,<\/p>\n<p class=\"p1\" style=\"text-align: left;\">Once again, I am delighted to find you leafing through the pages of Discover St. Barths magazine. As every year, we have poured our hearts into helping you discover or learn a bit more about what makes St. Barths special\u2014its beauties and people.<\/p>\n<p class=\"p1\" style=\"text-align: left;\">As always, we have chosen to cover various themes, but this issue will particularly highlight the island\u2019s heritage.<\/p>\n<p class=\"p1\" style=\"text-align: left;\">The first part of the magazine is dedicated to this theme, featuring a fascinating encounter with the archaeologists from Inrap, a journey into the past with a visit to Domaine F\u00e9licit\u00e9, a living museum of our island\u2019s memory, and the discovery of a threatened craft\u2014latanier weaving.<\/p>\n<p class=\"p1\" style=\"text-align: left;\">Balancing tradition and fashion, jewelry creations made with pearls will be showcased through the lens<br \/>\nof Jeanne Le Menn, who will also present her personal work.<\/p>\n<p class=\"p1\" style=\"text-align: left;\">After all, Discover would not be complete without a beautiful spotlight on the arts in St. Barths. Art in all its forms: photography with Jeanne, opera singing with Winona Berry, and the art market with Space Gallery St Barth.<\/p>\n<p class=\"p1\" style=\"text-align: left;\">Finally, we will indulge in the simple pleasures offered by our enchanting island, exploring the unique craft of shaping through the words of Antoine, also known as Bongo. We will wrap up this issue by delighting our taste buds. There will be something for everyone, with fusion cuisine crafted by Jacques of Villa Chef St Barth and, for those with a sweet tooth, pastries by Malik and Mathilde from Chokola Vany, who will also share an exclusive recipe.<\/p>\n<p class=\"p1\" style=\"text-align: left;\">Thank you, dear reader. Enjoy!<\/p>\n<\/div>\n<\/div>\n<\/div>\n<\/div>\n<p>[\/et_pb_text][\/et_pb_column][et_pb_column type=&#8221;1_3&#8243; _builder_version=&#8221;4.16&#8243; custom_padding=&#8221;|||&#8221; global_colors_info=&#8221;{}&#8221; custom_padding__hover=&#8221;|||&#8221;][et_pb_button button_url=&#8221;https:\/\/discover-magazines.com\/magazines\/discover-st-barth\/27\/&#8221; button_text=&#8221;Read online issue #27&#8243; button_alignment=&#8221;center&#8221; _builder_version=&#8221;4.23.1&#8243; hover_enabled=&#8221;0&#8243; global_colors_info=&#8221;{}&#8221; sticky_enabled=&#8221;0&#8243;][\/et_pb_button][et_pb_image src=&#8221;https:\/\/discover-magazines.com\/wp-content\/uploads\/2024\/12\/Couverture-discover-sxb-N27-BASSE-DEFINITION_page-0001-min.jpg&#8221; title_text=&#8221;Couverture discover sxb N27 BASSE DEFINITION_page-0001-min&#8221; align_tablet=&#8221;center&#8221; align_phone=&#8221;&#8221; align_last_edited=&#8221;on|desktop&#8221; _builder_version=&#8221;4.23.1&#8243; hover_enabled=&#8221;0&#8243; border_radii=&#8221;on|10px|10px|10px|10px&#8221; box_shadow_style=&#8221;preset1&#8243; global_colors_info=&#8221;{}&#8221; sticky_enabled=&#8221;0&#8243;][\/et_pb_image][\/et_pb_column][\/et_pb_row][\/et_pb_section][et_pb_section fb_built=&#8221;1&#8243; _builder_version=&#8221;4.16&#8243; background_color=&#8221;#004977&#8243; global_colors_info=&#8221;{}&#8221;][et_pb_row _builder_version=&#8221;4.16&#8243; global_colors_info=&#8221;{}&#8221;][et_pb_column type=&#8221;4_4&#8243; _builder_version=&#8221;4.16&#8243; custom_padding=&#8221;|||&#8221; global_colors_info=&#8221;{}&#8221; custom_padding__hover=&#8221;|||&#8221;][et_pb_text _builder_version=&#8221;4.23.1&#8243; text_font=&#8221;||||||||&#8221; background_layout=&#8221;dark&#8221; hover_enabled=&#8221;0&#8243; global_colors_info=&#8221;{}&#8221; sticky_enabled=&#8221;0&#8243;]<\/p>\n<h2>L&#8217;\u00e9quipe de Discover St. Barth\u00e9l\u00e9my pour l&#8217;\u00e9dition 2024-2025<\/h2>\n<p>[\/et_pb_text][\/et_pb_column][\/et_pb_row][et_pb_row column_structure=&#8221;1_2,1_2&#8243; _builder_version=&#8221;4.16&#8243; global_colors_info=&#8221;{}&#8221;][et_pb_column type=&#8221;1_2&#8243; _builder_version=&#8221;4.16&#8243; custom_padding=&#8221;|||&#8221; global_colors_info=&#8221;{}&#8221; custom_padding__hover=&#8221;|||&#8221;][et_pb_text _builder_version=&#8221;4.16&#8243; text_font=&#8221;||||||||&#8221; background_layout=&#8221;dark&#8221; global_colors_info=&#8221;{}&#8221;]<\/p>\n<blockquote>\n<p><strong>L&#8217;\u00e9quipe Discover<\/strong><\/p>\n<\/blockquote>\n<p><strong>Directeur de la publication<\/strong><br \/>Guy ROSA &amp; William ROSA<br \/><strong>Commerciaux<\/strong><br \/>Guy Rosa &amp; <span style=\"font-size: 15px;\">Marko BAUK<br \/><\/span><strong>Direction artistique<\/strong><br \/>July on the Moon<br \/><strong>Traductrice<br \/><\/strong>CIL TRADUCTION<br \/><strong>Conceptrice graphique<\/strong><br \/>July on the Moon<br \/><strong>Photographe<br \/><\/strong><span style=\"font-size: 15px;\">Jeanne LE MENN<br \/><\/span><strong style=\"font-size: 15px;\">Illustratrice<br \/><\/strong>Moon ST BARTH<\/p>\n<p>[\/et_pb_text][\/et_pb_column][et_pb_column type=&#8221;1_2&#8243; _builder_version=&#8221;4.16&#8243; custom_padding=&#8221;|||&#8221; global_colors_info=&#8221;{}&#8221; custom_padding__hover=&#8221;|||&#8221;][et_pb_text _builder_version=&#8221;4.23.1&#8243; text_font=&#8221;||||||||&#8221; background_layout=&#8221;dark&#8221; custom_padding=&#8221;||0px|1px||&#8221; hover_enabled=&#8221;0&#8243; global_colors_info=&#8221;{}&#8221; sticky_enabled=&#8221;0&#8243;]<\/p>\n<blockquote>\n<p><strong>Les contributeurs<\/strong><\/p>\n<\/blockquote>\n<div class=\"page\" title=\"Page 12\">\n<div class=\"layoutArea\">\n<div class=\"column\">\n<div class=\"page\" title=\"Page 16\">\n<div class=\"section\">\n<div class=\"layoutArea\">\n<div class=\"column\">\n<p class=\"p1\">Jeanne Le Menn, who graciously agreed to join me on this little journey. She was already an invaluable help on issue #24, and her professionalism and photographer\u2019s eye contribute greatly to the beauty of this magazine today.<\/p>\n<p class=\"p1\">A big thank you to Christiane, another cornerstone of the magazine, who works 7,000 kilometers away with skill and expertise, making publication possible each year.<\/p>\n<p class=\"p1\">I also want to thank all the contributors who trust us to tell their life stories or help us offer you this moment of relaxation and, hopefully, information:<\/p>\n<p class=\"p1\">Alain, Arlette, and Marc from Domaine F\u00e9licit\u00e9 \/ Alexandre,<br \/>\nAnne, Carole, Christophe, Fabrice, Florian, Gwena\u00eblle, Jean-Georges, Laurence, Nathalie S., Nathalie S.S. and Thomas from Inrap \/ Alice \/ Alicia and Annalisa from Terra \/ Ang\u00e8le \/ Antoine \/ C\u00e9cile \/ Delphine \/ Fran\u00e7oise \/ In\u00e8s \/ Jacques \/ Lorraine \/ Malik and Mathilde from Chokola Vany \/ Mercedes \/ Na\u00efl\u00e9 \/ Natalie \/ Val\u00e9rie and Sandra from Vanita Rosa \/ Winona<\/p>\n<\/div>\n<\/div>\n<\/div>\n<\/div>\n<\/div>\n<\/div>\n<\/div>\n<p>[\/et_pb_text][\/et_pb_column][\/et_pb_row][et_pb_row _builder_version=&#8221;4.16&#8243; global_colors_info=&#8221;{}&#8221;][et_pb_column type=&#8221;4_4&#8243; _builder_version=&#8221;4.16&#8243; custom_padding=&#8221;|||&#8221; global_colors_info=&#8221;{}&#8221; custom_padding__hover=&#8221;|||&#8221;][et_pb_text _builder_version=&#8221;4.16&#8243; text_font=&#8221;||||||||&#8221; background_layout=&#8221;dark&#8221; global_colors_info=&#8221;{}&#8221;]<\/p>\n<blockquote>\n<p><strong>Cr\u00e9dits<\/strong><\/p>\n<\/blockquote>\n<p><span>SIRET 398 567 289 00 10 \u2013 APE 5814Z \u2013 2016 ISSN 1165-4588 \u00a9 2010 \u2013 La loi du 11 mars 1957 interdit les copies et les reproductions destin\u00e9es \u00e0 l\u2019utilisation collective. Toute repr\u00e9sentation ou reproduction m\u00eame partielle faite par quelque proc\u00e9d\u00e9 que ce soit, sans le consentement de l\u2019auteur ou de ses ayants cause, est illicite et cause une contrefa\u00e7on sanctionn\u00e9e par les articles 425 et suivants du code p\u00e9nal. La marque Discover Saint Barth\u00e9lemy est d\u00e9pos\u00e9e en France et \u00e0 l\u2019\u00e9tranger. N\u00b0 de d\u00e9p\u00f4t : 885 309 \u2013 N\u00b0 d\u2019enregistrement : 1 591 983\u00a0<\/span><br \/><span>Date de d\u00e9p\u00f4t : 30 Octobre 1987 \u2013 Renouvellement : Octobre 2007 \u2013 Impression : Communaut\u00e9 Europ\u00e9enne.<\/span><\/p>\n<p>[\/et_pb_text][\/et_pb_column][\/et_pb_row][et_pb_row _builder_version=&#8221;4.16&#8243; global_colors_info=&#8221;{}&#8221;][et_pb_column type=&#8221;4_4&#8243; _builder_version=&#8221;4.16&#8243; custom_padding=&#8221;|||&#8221; global_colors_info=&#8221;{}&#8221; custom_padding__hover=&#8221;|||&#8221;][et_pb_text _builder_version=&#8221;4.16&#8243; text_font=&#8221;||||||||&#8221; background_layout=&#8221;dark&#8221; global_colors_info=&#8221;{}&#8221;]RETOUR SUR&#8230;<br \/>\nRetour sur les pr\u00e9c\u00e9dentes couvertures de Discover Saint Martin \/ Sint Maarten.<\/p>\n<p><img loading=\"lazy\" decoding=\"async\" src=\"https:\/\/discover-magazines.com\/wp-content\/uploads\/2019\/06\/covers-discover-saint-barthelemy.png\" width=\"800\" height=\"164\" alt=\"\" class=\"wp-image-211 alignnone size-full\" srcset=\"https:\/\/discover-magazines.com\/wp-content\/uploads\/2019\/06\/covers-discover-saint-barthelemy.png 800w, https:\/\/discover-magazines.com\/wp-content\/uploads\/2019\/06\/covers-discover-saint-barthelemy-300x62.png 300w, https:\/\/discover-magazines.com\/wp-content\/uploads\/2019\/06\/covers-discover-saint-barthelemy-768x157.png 768w\" sizes=\"(max-width: 800px) 100vw, 800px\" \/>[\/et_pb_text][\/et_pb_column][\/et_pb_row][\/et_pb_section]<\/p>\n","protected":false},"excerpt":{"rendered":"<p>Saint Barth\u00e9lemyRead online issue #27\u00a0Discover Saint Barth\u00e9lemy &#8211; n\u00b027 Dear Reader, Once again, I am delighted to find you leafing through the pages of Discover St. Barths magazine. As every year, we have poured our hearts into helping you discover or learn a bit more about what makes St. Barths special\u2014its beauties and people. As [&hellip;]<\/p>\n","protected":false},"author":1,"featured_media":0,"parent":517,"menu_order":0,"comment_status":"closed","ping_status":"closed","template":"","meta":{"_acf_changed":false,"_et_pb_use_builder":"on","_et_pb_old_content":"","_et_gb_content_width":"","_monsterinsights_skip_tracking":false,"_monsterinsights_sitenote_active":false,"_monsterinsights_sitenote_note":"","_monsterinsights_sitenote_category":0,"_uf_show_specific_survey":0,"_uf_disable_surveys":false,"footnotes":""},"class_list":["post-1707","page","type-page","status-publish","hentry"],"acf":[],"yoast_head":"<!-- This site is optimized with the Yoast SEO plugin v26.5 - https:\/\/yoast.com\/wordpress\/plugins\/seo\/ -->\n<title>Magazine n\u00b027 - Discover of Saint Barth\u00e9l\u00e9my - Discover Magazines<\/title>\n<meta name=\"description\" content=\"Discover the latest edition of Saint Barthelemy&#039;s Discover magazine. Check out our latest issue n\u00b027 directly online.\" \/>\n<meta name=\"robots\" content=\"index, follow, max-snippet:-1, max-image-preview:large, max-video-preview:-1\" \/>\n<link rel=\"canonical\" href=\"https:\/\/discover-magazines.com\/en\/magazine-presentation\/discover-n27-st-barth\/\" \/>\n<meta property=\"og:locale\" content=\"en_US\" \/>\n<meta property=\"og:type\" content=\"article\" \/>\n<meta property=\"og:title\" content=\"Magazine n\u00b027 - Discover of Saint Barth\u00e9l\u00e9my - Discover Magazines\" \/>\n<meta property=\"og:description\" content=\"Discover the latest edition of Saint Barthelemy&#039;s Discover magazine. Check out our latest issue n\u00b027 directly online.\" \/>\n<meta property=\"og:url\" content=\"https:\/\/discover-magazines.com\/en\/magazine-presentation\/discover-n27-st-barth\/\" \/>\n<meta property=\"og:site_name\" content=\"Discover Magazines\" \/>\n<meta property=\"article:modified_time\" content=\"2024-12-02T13:48:44+00:00\" \/>\n<meta property=\"og:image\" content=\"https:\/\/discover-magazines.com\/wp-content\/uploads\/2019\/06\/covers-discover-saint-barthelemy.png\" \/>\n<meta name=\"twitter:card\" content=\"summary_large_image\" \/>\n<meta name=\"twitter:label1\" content=\"Est. reading time\" \/>\n\t<meta name=\"twitter:data1\" content=\"4 minutes\" \/>\n<script type=\"application\/ld+json\" class=\"yoast-schema-graph\">{\"@context\":\"https:\/\/schema.org\",\"@graph\":[{\"@type\":\"WebPage\",\"@id\":\"https:\/\/discover-magazines.com\/en\/magazine-presentation\/discover-n27-st-barth\/\",\"url\":\"https:\/\/discover-magazines.com\/en\/magazine-presentation\/discover-n27-st-barth\/\",\"name\":\"Magazine n\u00b027 - Discover of Saint Barth\u00e9l\u00e9my - Discover Magazines\",\"isPartOf\":{\"@id\":\"https:\/\/discover-magazines.com\/en\/#website\"},\"primaryImageOfPage\":{\"@id\":\"https:\/\/discover-magazines.com\/en\/magazine-presentation\/discover-n27-st-barth\/#primaryimage\"},\"image\":{\"@id\":\"https:\/\/discover-magazines.com\/en\/magazine-presentation\/discover-n27-st-barth\/#primaryimage\"},\"thumbnailUrl\":\"https:\/\/discover-magazines.com\/wp-content\/uploads\/2019\/06\/covers-discover-saint-barthelemy.png\",\"datePublished\":\"2024-12-02T13:48:42+00:00\",\"dateModified\":\"2024-12-02T13:48:44+00:00\",\"description\":\"Discover the latest edition of Saint Barthelemy's Discover magazine. Check out our latest issue n\u00b027 directly online.\",\"breadcrumb\":{\"@id\":\"https:\/\/discover-magazines.com\/en\/magazine-presentation\/discover-n27-st-barth\/#breadcrumb\"},\"inLanguage\":\"en-US\",\"potentialAction\":[{\"@type\":\"ReadAction\",\"target\":[\"https:\/\/discover-magazines.com\/en\/magazine-presentation\/discover-n27-st-barth\/\"]}]},{\"@type\":\"ImageObject\",\"inLanguage\":\"en-US\",\"@id\":\"https:\/\/discover-magazines.com\/en\/magazine-presentation\/discover-n27-st-barth\/#primaryimage\",\"url\":\"https:\/\/discover-magazines.com\/wp-content\/uploads\/2019\/06\/covers-discover-saint-barthelemy.png\",\"contentUrl\":\"https:\/\/discover-magazines.com\/wp-content\/uploads\/2019\/06\/covers-discover-saint-barthelemy.png\"},{\"@type\":\"BreadcrumbList\",\"@id\":\"https:\/\/discover-magazines.com\/en\/magazine-presentation\/discover-n27-st-barth\/#breadcrumb\",\"itemListElement\":[{\"@type\":\"ListItem\",\"position\":1,\"name\":\"Accueil\",\"item\":\"https:\/\/discover-magazines.com\/en\/\"},{\"@type\":\"ListItem\",\"position\":2,\"name\":\"Magazine presentation\",\"item\":\"https:\/\/discover-magazines.com\/en\/magazine-presentation\/\"},{\"@type\":\"ListItem\",\"position\":3,\"name\":\"Discover n\u00b027 &#8211; St Barth\"}]},{\"@type\":\"WebSite\",\"@id\":\"https:\/\/discover-magazines.com\/en\/#website\",\"url\":\"https:\/\/discover-magazines.com\/en\/\",\"name\":\"Discover Magazines\",\"description\":\"Un site utilisant WordPress\",\"potentialAction\":[{\"@type\":\"SearchAction\",\"target\":{\"@type\":\"EntryPoint\",\"urlTemplate\":\"https:\/\/discover-magazines.com\/en\/?s={search_term_string}\"},\"query-input\":{\"@type\":\"PropertyValueSpecification\",\"valueRequired\":true,\"valueName\":\"search_term_string\"}}],\"inLanguage\":\"en-US\"}]}<\/script>\n<!-- \/ Yoast SEO plugin. -->","yoast_head_json":{"title":"Magazine n\u00b027 - Discover of Saint Barth\u00e9l\u00e9my - Discover Magazines","description":"Discover the latest edition of Saint Barthelemy's Discover magazine. Check out our latest issue n\u00b027 directly online.","robots":{"index":"index","follow":"follow","max-snippet":"max-snippet:-1","max-image-preview":"max-image-preview:large","max-video-preview":"max-video-preview:-1"},"canonical":"https:\/\/discover-magazines.com\/en\/magazine-presentation\/discover-n27-st-barth\/","og_locale":"en_US","og_type":"article","og_title":"Magazine n\u00b027 - Discover of Saint Barth\u00e9l\u00e9my - Discover Magazines","og_description":"Discover the latest edition of Saint Barthelemy's Discover magazine. Check out our latest issue n\u00b027 directly online.","og_url":"https:\/\/discover-magazines.com\/en\/magazine-presentation\/discover-n27-st-barth\/","og_site_name":"Discover Magazines","article_modified_time":"2024-12-02T13:48:44+00:00","og_image":[{"url":"https:\/\/discover-magazines.com\/wp-content\/uploads\/2019\/06\/covers-discover-saint-barthelemy.png","type":"","width":"","height":""}],"twitter_card":"summary_large_image","twitter_misc":{"Est. reading time":"4 minutes"},"schema":{"@context":"https:\/\/schema.org","@graph":[{"@type":"WebPage","@id":"https:\/\/discover-magazines.com\/en\/magazine-presentation\/discover-n27-st-barth\/","url":"https:\/\/discover-magazines.com\/en\/magazine-presentation\/discover-n27-st-barth\/","name":"Magazine n\u00b027 - Discover of Saint Barth\u00e9l\u00e9my - Discover Magazines","isPartOf":{"@id":"https:\/\/discover-magazines.com\/en\/#website"},"primaryImageOfPage":{"@id":"https:\/\/discover-magazines.com\/en\/magazine-presentation\/discover-n27-st-barth\/#primaryimage"},"image":{"@id":"https:\/\/discover-magazines.com\/en\/magazine-presentation\/discover-n27-st-barth\/#primaryimage"},"thumbnailUrl":"https:\/\/discover-magazines.com\/wp-content\/uploads\/2019\/06\/covers-discover-saint-barthelemy.png","datePublished":"2024-12-02T13:48:42+00:00","dateModified":"2024-12-02T13:48:44+00:00","description":"Discover the latest edition of Saint Barthelemy's Discover magazine. Check out our latest issue n\u00b027 directly online.","breadcrumb":{"@id":"https:\/\/discover-magazines.com\/en\/magazine-presentation\/discover-n27-st-barth\/#breadcrumb"},"inLanguage":"en-US","potentialAction":[{"@type":"ReadAction","target":["https:\/\/discover-magazines.com\/en\/magazine-presentation\/discover-n27-st-barth\/"]}]},{"@type":"ImageObject","inLanguage":"en-US","@id":"https:\/\/discover-magazines.com\/en\/magazine-presentation\/discover-n27-st-barth\/#primaryimage","url":"https:\/\/discover-magazines.com\/wp-content\/uploads\/2019\/06\/covers-discover-saint-barthelemy.png","contentUrl":"https:\/\/discover-magazines.com\/wp-content\/uploads\/2019\/06\/covers-discover-saint-barthelemy.png"},{"@type":"BreadcrumbList","@id":"https:\/\/discover-magazines.com\/en\/magazine-presentation\/discover-n27-st-barth\/#breadcrumb","itemListElement":[{"@type":"ListItem","position":1,"name":"Accueil","item":"https:\/\/discover-magazines.com\/en\/"},{"@type":"ListItem","position":2,"name":"Magazine presentation","item":"https:\/\/discover-magazines.com\/en\/magazine-presentation\/"},{"@type":"ListItem","position":3,"name":"Discover n\u00b027 &#8211; St Barth"}]},{"@type":"WebSite","@id":"https:\/\/discover-magazines.com\/en\/#website","url":"https:\/\/discover-magazines.com\/en\/","name":"Discover Magazines","description":"Un site utilisant WordPress","potentialAction":[{"@type":"SearchAction","target":{"@type":"EntryPoint","urlTemplate":"https:\/\/discover-magazines.com\/en\/?s={search_term_string}"},"query-input":{"@type":"PropertyValueSpecification","valueRequired":true,"valueName":"search_term_string"}}],"inLanguage":"en-US"}]}},"_links":{"self":[{"href":"https:\/\/discover-magazines.com\/en\/wp-json\/wp\/v2\/pages\/1707","targetHints":{"allow":["GET"]}}],"collection":[{"href":"https:\/\/discover-magazines.com\/en\/wp-json\/wp\/v2\/pages"}],"about":[{"href":"https:\/\/discover-magazines.com\/en\/wp-json\/wp\/v2\/types\/page"}],"author":[{"embeddable":true,"href":"https:\/\/discover-magazines.com\/en\/wp-json\/wp\/v2\/users\/1"}],"replies":[{"embeddable":true,"href":"https:\/\/discover-magazines.com\/en\/wp-json\/wp\/v2\/comments?post=1707"}],"version-history":[{"count":7,"href":"https:\/\/discover-magazines.com\/en\/wp-json\/wp\/v2\/pages\/1707\/revisions"}],"predecessor-version":[{"id":1745,"href":"https:\/\/discover-magazines.com\/en\/wp-json\/wp\/v2\/pages\/1707\/revisions\/1745"}],"up":[{"embeddable":true,"href":"https:\/\/discover-magazines.com\/en\/wp-json\/wp\/v2\/pages\/517"}],"wp:attachment":[{"href":"https:\/\/discover-magazines.com\/en\/wp-json\/wp\/v2\/media?parent=1707"}],"curies":[{"name":"wp","href":"https:\/\/api.w.org\/{rel}","templated":true}]}}