  
{"id":529,"date":"2019-07-15T11:00:46","date_gmt":"2019-07-15T09:00:46","guid":{"rendered":"https:\/\/discover-magazines.com\/magazine-presentation\/discover-n22-st-barth\/"},"modified":"2019-07-24T09:01:38","modified_gmt":"2019-07-24T07:01:38","slug":"discover-n22-st-barth","status":"publish","type":"page","link":"https:\/\/discover-magazines.com\/en\/magazine-presentation\/discover-n22-st-barth\/","title":{"rendered":"Discover n\u00b022 &#8211; St Barth"},"content":{"rendered":"<p>[et_pb_section fb_built=&#8221;1&#8243; _builder_version=&#8221;3.22.7&#8243; background_image=&#8221;https:\/\/discover-magazines.com\/wp-content\/uploads\/2019\/06\/discover-magazines-trail-alex-walk.jpg&#8221;][\/et_pb_section][et_pb_section fb_built=&#8221;1&#8243; _builder_version=&#8221;3.22.7&#8243;][et_pb_row _builder_version=&#8221;3.25&#8243;][et_pb_column type=&#8221;4_4&#8243; _builder_version=&#8221;3.25&#8243; custom_padding=&#8221;|||&#8221; custom_padding__hover=&#8221;|||&#8221;][et_pb_text module_class=&#8221;titrePageBackground&#8221; _builder_version=&#8221;3.22.7&#8243;]Saint Barthelemy[\/et_pb_text][et_pb_text module_class=&#8221;sousTitrePageBackground&#8221; _builder_version=&#8221;3.22.7&#8243;]Browse the 2017 issue of Discover Saint Barthelemy \u2013 n\u00b022[\/et_pb_text][\/et_pb_column][\/et_pb_row][et_pb_row custom_padding=&#8221;30px|30px|30px|30px|true|true&#8221; _builder_version=&#8221;3.25&#8243; background_color=&#8221;#ffffff&#8221; border_radii=&#8221;on|10px|10px|10px|10px&#8221; box_shadow_style=&#8221;preset1&#8243; column_structure=&#8221;2_3,1_3&#8243;][et_pb_column type=&#8221;2_3&#8243; _builder_version=&#8221;3.25&#8243; custom_padding=&#8221;|||&#8221; custom_padding__hover=&#8221;|||&#8221;][et_pb_text _builder_version=&#8221;3.22.7&#8243; custom_padding=&#8221;0px|||||&#8221;]<\/p>\n<h1>Discover n\u00b022<\/h1>\n<blockquote>\n<p>A new page is turning<\/p>\n<\/blockquote>\n<p>After a season of convalescence, the island of SAint Barthelemy is more beautiful than ever. Nature has bounced back as usual and the heart of St Barth is beating again. We are heading into the 2019 season with enthusiasm and optimism, stronger for being sorely tested by Irma.<\/p>\n<p>We are turning the page to write a new chapter&#8230; At Discover, we have completely changed our publication: a new editorial approach, a new imagen, a new dynamic. A renewal imposed by the constant evolution of our beautiful island. In fact, we have decided to call this 22nd edition &#8220;Saint Barth mon Amour&#8221;, as a hymn to the love we feel for this rock in the ocean. We must continue to cherish our island, that has made us weep but that we still adore..<\/p>\n<p>[\/et_pb_text][\/et_pb_column][et_pb_column type=&#8221;1_3&#8243; _builder_version=&#8221;3.25&#8243; custom_padding=&#8221;|||&#8221; custom_padding__hover=&#8221;|||&#8221;][et_pb_button button_text=&#8221;Read online issue #22&#8243; button_alignment=&#8221;center&#8221; _builder_version=&#8221;3.25.4&#8243; button_url=&#8221;https:\/\/discover-magazines.com\/magazines\/discover-st-barth\/22\/&#8221;][\/et_pb_button][et_pb_image src=&#8221;https:\/\/discover-magazines.com\/wp-content\/uploads\/2019\/06\/discover-saint-barth-couverture.jpg&#8221; align_tablet=&#8221;center&#8221; align_last_edited=&#8221;on|desktop&#8221; _builder_version=&#8221;3.23&#8243; border_radii=&#8221;on|10px|10px|10px|10px&#8221; box_shadow_style=&#8221;preset1&#8243;][\/et_pb_image][\/et_pb_column][\/et_pb_row][\/et_pb_section][et_pb_section fb_built=&#8221;1&#8243; _builder_version=&#8221;3.22.7&#8243; background_color=&#8221;#004977&#8243;][et_pb_row _builder_version=&#8221;3.25&#8243;][et_pb_column type=&#8221;4_4&#8243; _builder_version=&#8221;3.25&#8243; custom_padding=&#8221;|||&#8221; custom_padding__hover=&#8221;|||&#8221;][et_pb_text _builder_version=&#8221;3.22.7&#8243; text_font=&#8221;||||||||&#8221; background_layout=&#8221;dark&#8221;]<\/p>\n<h2>Team &#038; staff of Discover St. Barth\u00e9l\u00e9my<\/h2>\n<p>[\/et_pb_text][\/et_pb_column][\/et_pb_row][et_pb_row _builder_version=&#8221;3.25&#8243; column_structure=&#8221;1_2,1_2&#8243;][et_pb_column type=&#8221;1_2&#8243; _builder_version=&#8221;3.25&#8243; custom_padding=&#8221;|||&#8221; custom_padding__hover=&#8221;|||&#8221;][et_pb_text _builder_version=&#8221;3.22.7&#8243; text_font=&#8221;||||||||&#8221; background_layout=&#8221;dark&#8221;]<\/p>\n<blockquote>\n<p><strong>Discover\u2019s Team<\/strong><\/p>\n<\/blockquote>\n<p><strong>Directeur de la publication<\/strong><br \/><span>Guy Rosa<\/span><br \/><strong>Direction commercial<\/strong><br \/><span>Thibault Roy<\/span><br \/><strong>R\u00e9dacteurs<br \/><\/strong><span>Virgile G. | Thibault Roy | Vanessa Hope | Kay Bourlier | C\u00e9cile Montigny<\/span><br \/><strong>Photographes<\/strong><br \/><span>Yohann Siloine | Laurent Beno\u00eet<\/span><\/p>\n<p>[\/et_pb_text][\/et_pb_column][et_pb_column type=&#8221;1_2&#8243; _builder_version=&#8221;3.25&#8243; custom_padding=&#8221;|||&#8221; custom_padding__hover=&#8221;|||&#8221;][et_pb_text _builder_version=&#8221;3.22.7&#8243; text_font=&#8221;||||||||&#8221; background_layout=&#8221;dark&#8221;]<\/p>\n<blockquote>\n<p><strong>Magazine\u2019s Contributors<\/strong><\/p>\n<\/blockquote>\n<p><span>William Rosa | Dominique Models | Karine Models | M Agency | Nathlie Gumbs | Sunday | C\u00e9cile Tinghir | Yann Monneraie | Thomas Proust | BG Architectes | V\u00e9ronique Vermeire | Ilona | Olivier Leroi<\/span><\/p>\n<p>[\/et_pb_text][\/et_pb_column][\/et_pb_row][et_pb_row _builder_version=&#8221;3.25&#8243;][et_pb_column type=&#8221;4_4&#8243; _builder_version=&#8221;3.25&#8243; custom_padding=&#8221;|||&#8221; custom_padding__hover=&#8221;|||&#8221;][et_pb_text _builder_version=&#8221;3.22.7&#8243; text_font=&#8221;||||||||&#8221; background_layout=&#8221;dark&#8221;]<\/p>\n<blockquote>\n<p><strong>Cr\u00e9dits<\/strong><\/p>\n<\/blockquote>\n<p><span>SIRET 398 567 289 00 10 \u2013 APE 5814Z \u2013 2016 ISSN 1165-4588 \u00a9 2010 \u2013 La loi du 11 mars 1957 interdit les copies et les reproductions destin\u00e9es \u00e0 l\u2019utilisation collective. Toute repr\u00e9sentation ou reproduction m\u00eame partielle faite par quelque proc\u00e9d\u00e9 que ce soit, sans le consentement de l\u2019auteur ou de ses ayants cause, est illicite et cause une contrefa\u00e7on sanctionn\u00e9e par les articles 425 et suivants du code p\u00e9nal. La marque Discover Saint Barth\u00e9lemy est d\u00e9pos\u00e9e en France et \u00e0 l\u2019\u00e9tranger. N\u00b0 de d\u00e9p\u00f4t : 885 309 \u2013 N\u00b0 d\u2019enregistrement : 1 591 983\u00a0<\/span><br \/><span>Date de d\u00e9p\u00f4t : 30 Octobre 1987 \u2013 Renouvellement : Octobre 2007 \u2013 Impression : Communaut\u00e9 Europ\u00e9enne.<\/span><\/p>\n<p>[\/et_pb_text][\/et_pb_column][\/et_pb_row][et_pb_row _builder_version=&#8221;3.25&#8243;][et_pb_column type=&#8221;4_4&#8243; _builder_version=&#8221;3.25&#8243; custom_padding=&#8221;|||&#8221; custom_padding__hover=&#8221;|||&#8221;][et_pb_text _builder_version=&#8221;3.22.7&#8243; text_font=&#8221;||||||||&#8221; background_layout=&#8221;dark&#8221;]BACK ON&#8230;<br \/>\nBack to the previous covers of Discover Saint Martin \/ Sint Maarten.<\/p>\n<p><img loading=\"lazy\" decoding=\"async\" src=\"https:\/\/discover-magazines.com\/wp-content\/uploads\/2019\/06\/covers-discover-saint-barthelemy.png\" width=\"800\" height=\"164\" alt=\"\" class=\"wp-image-211 alignnone size-full\" srcset=\"https:\/\/discover-magazines.com\/wp-content\/uploads\/2019\/06\/covers-discover-saint-barthelemy.png 800w, https:\/\/discover-magazines.com\/wp-content\/uploads\/2019\/06\/covers-discover-saint-barthelemy-300x62.png 300w, https:\/\/discover-magazines.com\/wp-content\/uploads\/2019\/06\/covers-discover-saint-barthelemy-768x157.png 768w\" sizes=\"(max-width: 800px) 100vw, 800px\" \/>[\/et_pb_text][\/et_pb_column][\/et_pb_row][\/et_pb_section]<\/p>\n","protected":false},"excerpt":{"rendered":"<p>Saint BarthelemyBrowse the 2017 issue of Discover Saint Barthelemy \u2013 n\u00b022Discover n\u00b022 A new page is turning After a season of convalescence, the island of SAint Barthelemy is more beautiful than ever. Nature has bounced back as usual and the heart of St Barth is beating again. We are heading into the 2019 season with [&hellip;]<\/p>\n","protected":false},"author":1,"featured_media":0,"parent":517,"menu_order":0,"comment_status":"closed","ping_status":"closed","template":"","meta":{"_acf_changed":false,"_et_pb_use_builder":"on","_et_pb_old_content":"","_et_gb_content_width":"","_monsterinsights_skip_tracking":false,"_monsterinsights_sitenote_active":false,"_monsterinsights_sitenote_note":"","_monsterinsights_sitenote_category":0,"_uf_show_specific_survey":0,"_uf_disable_surveys":false,"footnotes":""},"class_list":["post-529","page","type-page","status-publish","hentry"],"acf":[],"yoast_head":"<!-- This site is optimized with the Yoast SEO plugin v26.5 - https:\/\/yoast.com\/wordpress\/plugins\/seo\/ -->\n<title>Magazine n\u00b022 - Discover of Saint Barth\u00e9l\u00e9my - Discover Magazines<\/title>\n<meta name=\"description\" content=\"Discover the latest edition of Saint Barth\u00e9l\u00e9my&#039;s Discover magazine. Check out our latest issue n \u00b0 22 directly online.\" \/>\n<meta name=\"robots\" content=\"index, follow, max-snippet:-1, max-image-preview:large, max-video-preview:-1\" \/>\n<link rel=\"canonical\" href=\"https:\/\/discover-magazines.com\/en\/magazine-presentation\/discover-n22-st-barth\/\" \/>\n<meta property=\"og:locale\" content=\"en_US\" \/>\n<meta property=\"og:type\" content=\"article\" \/>\n<meta property=\"og:title\" content=\"Magazine n\u00b022 - Discover of Saint Barth\u00e9l\u00e9my - Discover Magazines\" \/>\n<meta property=\"og:description\" content=\"Discover the latest edition of Saint Barth\u00e9l\u00e9my&#039;s Discover magazine. Check out our latest issue n \u00b0 22 directly online.\" \/>\n<meta property=\"og:url\" content=\"https:\/\/discover-magazines.com\/en\/magazine-presentation\/discover-n22-st-barth\/\" \/>\n<meta property=\"og:site_name\" content=\"Discover Magazines\" \/>\n<meta property=\"article:modified_time\" content=\"2019-07-24T07:01:38+00:00\" \/>\n<meta property=\"og:image\" content=\"https:\/\/discover-magazines.com\/wp-content\/uploads\/2019\/06\/covers-discover-saint-barthelemy.png\" \/>\n<meta name=\"twitter:card\" content=\"summary_large_image\" \/>\n<meta name=\"twitter:label1\" content=\"Est. reading time\" \/>\n\t<meta name=\"twitter:data1\" content=\"4 minutes\" \/>\n<script type=\"application\/ld+json\" class=\"yoast-schema-graph\">{\"@context\":\"https:\/\/schema.org\",\"@graph\":[{\"@type\":\"WebPage\",\"@id\":\"https:\/\/discover-magazines.com\/en\/magazine-presentation\/discover-n22-st-barth\/\",\"url\":\"https:\/\/discover-magazines.com\/en\/magazine-presentation\/discover-n22-st-barth\/\",\"name\":\"Magazine n\u00b022 - Discover of Saint Barth\u00e9l\u00e9my - Discover Magazines\",\"isPartOf\":{\"@id\":\"https:\/\/discover-magazines.com\/en\/#website\"},\"primaryImageOfPage\":{\"@id\":\"https:\/\/discover-magazines.com\/en\/magazine-presentation\/discover-n22-st-barth\/#primaryimage\"},\"image\":{\"@id\":\"https:\/\/discover-magazines.com\/en\/magazine-presentation\/discover-n22-st-barth\/#primaryimage\"},\"thumbnailUrl\":\"https:\/\/discover-magazines.com\/wp-content\/uploads\/2019\/06\/covers-discover-saint-barthelemy.png\",\"datePublished\":\"2019-07-15T09:00:46+00:00\",\"dateModified\":\"2019-07-24T07:01:38+00:00\",\"description\":\"Discover the latest edition of Saint Barth\u00e9l\u00e9my's Discover magazine. Check out our latest issue n \u00b0 22 directly online.\",\"breadcrumb\":{\"@id\":\"https:\/\/discover-magazines.com\/en\/magazine-presentation\/discover-n22-st-barth\/#breadcrumb\"},\"inLanguage\":\"en-US\",\"potentialAction\":[{\"@type\":\"ReadAction\",\"target\":[\"https:\/\/discover-magazines.com\/en\/magazine-presentation\/discover-n22-st-barth\/\"]}]},{\"@type\":\"ImageObject\",\"inLanguage\":\"en-US\",\"@id\":\"https:\/\/discover-magazines.com\/en\/magazine-presentation\/discover-n22-st-barth\/#primaryimage\",\"url\":\"https:\/\/discover-magazines.com\/wp-content\/uploads\/2019\/06\/covers-discover-saint-barthelemy.png\",\"contentUrl\":\"https:\/\/discover-magazines.com\/wp-content\/uploads\/2019\/06\/covers-discover-saint-barthelemy.png\"},{\"@type\":\"BreadcrumbList\",\"@id\":\"https:\/\/discover-magazines.com\/en\/magazine-presentation\/discover-n22-st-barth\/#breadcrumb\",\"itemListElement\":[{\"@type\":\"ListItem\",\"position\":1,\"name\":\"Accueil\",\"item\":\"https:\/\/discover-magazines.com\/en\/\"},{\"@type\":\"ListItem\",\"position\":2,\"name\":\"Magazine presentation\",\"item\":\"https:\/\/discover-magazines.com\/en\/magazine-presentation\/\"},{\"@type\":\"ListItem\",\"position\":3,\"name\":\"Discover n\u00b022 &#8211; St Barth\"}]},{\"@type\":\"WebSite\",\"@id\":\"https:\/\/discover-magazines.com\/en\/#website\",\"url\":\"https:\/\/discover-magazines.com\/en\/\",\"name\":\"Discover Magazines\",\"description\":\"Un site utilisant WordPress\",\"potentialAction\":[{\"@type\":\"SearchAction\",\"target\":{\"@type\":\"EntryPoint\",\"urlTemplate\":\"https:\/\/discover-magazines.com\/en\/?s={search_term_string}\"},\"query-input\":{\"@type\":\"PropertyValueSpecification\",\"valueRequired\":true,\"valueName\":\"search_term_string\"}}],\"inLanguage\":\"en-US\"}]}<\/script>\n<!-- \/ Yoast SEO plugin. -->","yoast_head_json":{"title":"Magazine n\u00b022 - Discover of Saint Barth\u00e9l\u00e9my - Discover Magazines","description":"Discover the latest edition of Saint Barth\u00e9l\u00e9my's Discover magazine. Check out our latest issue n \u00b0 22 directly online.","robots":{"index":"index","follow":"follow","max-snippet":"max-snippet:-1","max-image-preview":"max-image-preview:large","max-video-preview":"max-video-preview:-1"},"canonical":"https:\/\/discover-magazines.com\/en\/magazine-presentation\/discover-n22-st-barth\/","og_locale":"en_US","og_type":"article","og_title":"Magazine n\u00b022 - Discover of Saint Barth\u00e9l\u00e9my - Discover Magazines","og_description":"Discover the latest edition of Saint Barth\u00e9l\u00e9my's Discover magazine. Check out our latest issue n \u00b0 22 directly online.","og_url":"https:\/\/discover-magazines.com\/en\/magazine-presentation\/discover-n22-st-barth\/","og_site_name":"Discover Magazines","article_modified_time":"2019-07-24T07:01:38+00:00","og_image":[{"url":"https:\/\/discover-magazines.com\/wp-content\/uploads\/2019\/06\/covers-discover-saint-barthelemy.png","type":"","width":"","height":""}],"twitter_card":"summary_large_image","twitter_misc":{"Est. reading time":"4 minutes"},"schema":{"@context":"https:\/\/schema.org","@graph":[{"@type":"WebPage","@id":"https:\/\/discover-magazines.com\/en\/magazine-presentation\/discover-n22-st-barth\/","url":"https:\/\/discover-magazines.com\/en\/magazine-presentation\/discover-n22-st-barth\/","name":"Magazine n\u00b022 - Discover of Saint Barth\u00e9l\u00e9my - Discover Magazines","isPartOf":{"@id":"https:\/\/discover-magazines.com\/en\/#website"},"primaryImageOfPage":{"@id":"https:\/\/discover-magazines.com\/en\/magazine-presentation\/discover-n22-st-barth\/#primaryimage"},"image":{"@id":"https:\/\/discover-magazines.com\/en\/magazine-presentation\/discover-n22-st-barth\/#primaryimage"},"thumbnailUrl":"https:\/\/discover-magazines.com\/wp-content\/uploads\/2019\/06\/covers-discover-saint-barthelemy.png","datePublished":"2019-07-15T09:00:46+00:00","dateModified":"2019-07-24T07:01:38+00:00","description":"Discover the latest edition of Saint Barth\u00e9l\u00e9my's Discover magazine. Check out our latest issue n \u00b0 22 directly online.","breadcrumb":{"@id":"https:\/\/discover-magazines.com\/en\/magazine-presentation\/discover-n22-st-barth\/#breadcrumb"},"inLanguage":"en-US","potentialAction":[{"@type":"ReadAction","target":["https:\/\/discover-magazines.com\/en\/magazine-presentation\/discover-n22-st-barth\/"]}]},{"@type":"ImageObject","inLanguage":"en-US","@id":"https:\/\/discover-magazines.com\/en\/magazine-presentation\/discover-n22-st-barth\/#primaryimage","url":"https:\/\/discover-magazines.com\/wp-content\/uploads\/2019\/06\/covers-discover-saint-barthelemy.png","contentUrl":"https:\/\/discover-magazines.com\/wp-content\/uploads\/2019\/06\/covers-discover-saint-barthelemy.png"},{"@type":"BreadcrumbList","@id":"https:\/\/discover-magazines.com\/en\/magazine-presentation\/discover-n22-st-barth\/#breadcrumb","itemListElement":[{"@type":"ListItem","position":1,"name":"Accueil","item":"https:\/\/discover-magazines.com\/en\/"},{"@type":"ListItem","position":2,"name":"Magazine presentation","item":"https:\/\/discover-magazines.com\/en\/magazine-presentation\/"},{"@type":"ListItem","position":3,"name":"Discover n\u00b022 &#8211; St Barth"}]},{"@type":"WebSite","@id":"https:\/\/discover-magazines.com\/en\/#website","url":"https:\/\/discover-magazines.com\/en\/","name":"Discover Magazines","description":"Un site utilisant WordPress","potentialAction":[{"@type":"SearchAction","target":{"@type":"EntryPoint","urlTemplate":"https:\/\/discover-magazines.com\/en\/?s={search_term_string}"},"query-input":{"@type":"PropertyValueSpecification","valueRequired":true,"valueName":"search_term_string"}}],"inLanguage":"en-US"}]}},"_links":{"self":[{"href":"https:\/\/discover-magazines.com\/en\/wp-json\/wp\/v2\/pages\/529","targetHints":{"allow":["GET"]}}],"collection":[{"href":"https:\/\/discover-magazines.com\/en\/wp-json\/wp\/v2\/pages"}],"about":[{"href":"https:\/\/discover-magazines.com\/en\/wp-json\/wp\/v2\/types\/page"}],"author":[{"embeddable":true,"href":"https:\/\/discover-magazines.com\/en\/wp-json\/wp\/v2\/users\/1"}],"replies":[{"embeddable":true,"href":"https:\/\/discover-magazines.com\/en\/wp-json\/wp\/v2\/comments?post=529"}],"version-history":[{"count":2,"href":"https:\/\/discover-magazines.com\/en\/wp-json\/wp\/v2\/pages\/529\/revisions"}],"predecessor-version":[{"id":627,"href":"https:\/\/discover-magazines.com\/en\/wp-json\/wp\/v2\/pages\/529\/revisions\/627"}],"up":[{"embeddable":true,"href":"https:\/\/discover-magazines.com\/en\/wp-json\/wp\/v2\/pages\/517"}],"wp:attachment":[{"href":"https:\/\/discover-magazines.com\/en\/wp-json\/wp\/v2\/media?parent=529"}],"curies":[{"name":"wp","href":"https:\/\/api.w.org\/{rel}","templated":true}]}}