  
{"id":537,"date":"2019-07-15T11:14:27","date_gmt":"2019-07-15T09:14:27","guid":{"rendered":"https:\/\/discover-magazines.com\/become-an-advertiser\/partners-saint-barthelemy\/"},"modified":"2019-07-18T13:35:35","modified_gmt":"2019-07-18T11:35:35","slug":"partners-saint-barthelemy","status":"publish","type":"page","link":"https:\/\/discover-magazines.com\/en\/become-an-advertiser\/partners-saint-barthelemy\/","title":{"rendered":"Partners Saint Barthelemy"},"content":{"rendered":"<p>[et_pb_section fb_built=&#8221;1&#8243; _builder_version=&#8221;3.22.7&#8243; background_image=&#8221;https:\/\/discover-magazines.com\/wp-content\/uploads\/2019\/05\/background-plage.jpg&#8221;][et_pb_row _builder_version=&#8221;3.22.7&#8243;][et_pb_column type=&#8221;4_4&#8243; _builder_version=&#8221;3.22.7&#8243;][et_pb_text _builder_version=&#8221;3.22.7&#8243; module_class=&#8221;titrePageBackground&#8221;]<\/p>\n<p>St Barth\u00e9lemy<\/p>\n<p>[\/et_pb_text][et_pb_text _builder_version=&#8221;3.22.7&#8243; module_class=&#8221;sousTitrePageBackground&#8221;]<\/p>\n<p>Our partners: They trust us for Discover St Barth<\/p>\n<p>[\/et_pb_text][\/et_pb_column][\/et_pb_row][\/et_pb_section][et_pb_section fb_built=&#8221;1&#8243; _builder_version=&#8221;3.22.7&#8243;][et_pb_row module_id=&#8221;section_partenaires&#8221; _builder_version=&#8221;3.22.7&#8243;][et_pb_column type=&#8221;4_4&#8243; _builder_version=&#8221;3.22.7&#8243;][et_pb_text _builder_version=&#8221;3.22.7&#8243;]<\/p>\n<h1>Discover n\u00b021, partners<\/h1>\n<p>[\/et_pb_text][et_pb_code module_id=&#8221;partenaires_content&#8221; _builder_version=&#8221;3.22.7&#8243;]\t\t\t\t<div class=\"partenaire\">\n\t\t\t\t\t\t\t\t\t\t<div>\n\t\t\t\t\t\t<img decoding=\"async\" src=\"https:\/\/discover-magazines.com\/wp-content\/uploads\/2019\/06\/Bacchus-1.jpg\" alt=\"\" \/>\n\t\t\t\t\t<\/div>\n\t\t\t\t\t\t\t\t\t\t<div>\n\t\t\t\t\t\t<h3 class=\"name\">Bacchus<\/h3>\n\t\t\t\t\t\t<p class=\"description\">\n\t\t\t\t\t\t\tLorient - St. Barth\t\t\t\t\t\t<\/p>\n\t\t\t\t\t\t<a href=\"http:\/\/www.bacchussxm.com\/\" class=\"web\">Website<\/a>\t\t\t\t\t<\/div>\n\t\t\t\t<\/div>\n\t\t\t\t<div class=\"partenaire\">\n\t\t\t\t\t\t\t\t\t\t<div>\n\t\t\t\t\t\t<img decoding=\"async\" src=\"https:\/\/discover-magazines.com\/wp-content\/uploads\/2019\/06\/bijouxdelamer.jpg\" alt=\"\" \/>\n\t\t\t\t\t<\/div>\n\t\t\t\t\t\t\t\t\t\t<div>\n\t\t\t\t\t\t<h3 class=\"name\">Bijoux de la Mer<\/h3>\n\t\t\t\t\t\t<p class=\"description\">\n\t\t\t\t\t\t\tGustavia - St. Barth\t\t\t\t\t\t<\/p>\n\t\t\t\t\t\t<a href=\"http:\/\/bijouxdelamersbh.com\/\" class=\"web\">Website<\/a>\t\t\t\t\t<\/div>\n\t\t\t\t<\/div>\n\t\t\t\t<div class=\"partenaire\">\n\t\t\t\t\t\t\t\t\t\t<div>\n\t\t\t\t\t\t<img decoding=\"async\" src=\"https:\/\/discover-magazines.com\/wp-content\/uploads\/2019\/06\/Budget.jpg\" alt=\"\" \/>\n\t\t\t\t\t<\/div>\n\t\t\t\t\t\t\t\t\t\t<div>\n\t\t\t\t\t\t<h3 class=\"name\">Budget<\/h3>\n\t\t\t\t\t\t<p class=\"description\">\n\t\t\t\t\t\t\tA\u00e9roport St Jean - St. Barth\t\t\t\t\t\t<\/p>\n\t\t\t\t\t\t<a href=\"http:\/\/www.st-barths.com\/budget\" class=\"web\">Website<\/a>\t\t\t\t\t<\/div>\n\t\t\t\t<\/div>\n\t\t\t\t<div class=\"partenaire\">\n\t\t\t\t\t\t\t\t\t\t<div>\n\t\t\t\t\t\t<img decoding=\"async\" src=\"https:\/\/discover-magazines.com\/wp-content\/uploads\/2019\/06\/CaratHublot.jpg\" alt=\"\" \/>\n\t\t\t\t\t<\/div>\n\t\t\t\t\t\t\t\t\t\t<div>\n\t\t\t\t\t\t<h3 class=\"name\">Carat<\/h3>\n\t\t\t\t\t\t<p class=\"description\">\n\t\t\t\t\t\t\tGustavia - St. Barth\t\t\t\t\t\t<\/p>\n\t\t\t\t\t\t<a href=\"mailto:caratstore@wanadoo.fr\" class=\"email\">Email<\/a>\t\t\t\t\t<\/div>\n\t\t\t\t<\/div>\n\t\t\t\t<div class=\"partenaire\">\n\t\t\t\t\t\t\t\t\t\t<div>\n\t\t\t\t\t\t<img decoding=\"async\" src=\"https:\/\/discover-magazines.com\/wp-content\/uploads\/2019\/06\/Cartier.jpg\" alt=\"\" \/>\n\t\t\t\t\t<\/div>\n\t\t\t\t\t\t\t\t\t\t<div>\n\t\t\t\t\t\t<h3 class=\"name\">Cartier<\/h3>\n\t\t\t\t\t\t<p class=\"description\">\n\t\t\t\t\t\t\tGustavia - St. Barth\r\nPhilipsburg - Sint Maarten\t\t\t\t\t\t<\/p>\n\t\t\t\t\t\t\t\t\t\t\t<\/div>\n\t\t\t\t<\/div>\n\t\t\t\t<div class=\"partenaire\">\n\t\t\t\t\t\t\t\t\t\t<div>\n\t\t\t\t\t\t<img decoding=\"async\" src=\"https:\/\/discover-magazines.com\/wp-content\/uploads\/2019\/06\/CouleurdesIles.jpg\" alt=\"\" \/>\n\t\t\t\t\t<\/div>\n\t\t\t\t\t\t\t\t\t\t<div>\n\t\t\t\t\t\t<h3 class=\"name\">Couleurs des \u00eeles<\/h3>\n\t\t\t\t\t\t<p class=\"description\">\n\t\t\t\t\t\t\tGustavia - St Barth\t\t\t\t\t\t<\/p>\n\t\t\t\t\t\t\t\t\t\t\t<\/div>\n\t\t\t\t<\/div>\n\t\t\t\t<div class=\"partenaire\">\n\t\t\t\t\t\t\t\t\t\t<div>\n\t\t\t\t\t\t<img decoding=\"async\" src=\"https:\/\/discover-magazines.com\/wp-content\/uploads\/2019\/06\/DiamondGenesis.jpg\" alt=\"\" \/>\n\t\t\t\t\t<\/div>\n\t\t\t\t\t\t\t\t\t\t<div>\n\t\t\t\t\t\t<h3 class=\"name\">Diamond Genesis<\/h3>\n\t\t\t\t\t\t<p class=\"description\">\n\t\t\t\t\t\t\tGustavia - St. Barth\t\t\t\t\t\t<\/p>\n\t\t\t\t\t\t<a href=\"http:\/\/www.diamondgenesis.com\/\" class=\"web\">Website<\/a>\t\t\t\t\t<\/div>\n\t\t\t\t<\/div>\n\t\t\t\t<div class=\"partenaire\">\n\t\t\t\t\t\t\t\t\t\t<div>\n\t\t\t\t\t\t<img decoding=\"async\" src=\"https:\/\/discover-magazines.com\/wp-content\/uploads\/2019\/06\/Donale.jpg\" alt=\"\" \/>\n\t\t\t\t\t<\/div>\n\t\t\t\t\t\t\t\t\t\t<div>\n\t\t\t\t\t\t<h3 class=\"name\">Donale<\/h3>\n\t\t\t\t\t\t<p class=\"description\">\n\t\t\t\t\t\t\tSaint Barth\u00e9lemy\t\t\t\t\t\t<\/p>\n\t\t\t\t\t\t<a href=\"mailto:virgidonale@hotmail.com\" class=\"email\">Email<\/a>\t\t\t\t\t<\/div>\n\t\t\t\t<\/div>\n\t\t\t\t<div class=\"partenaire\">\n\t\t\t\t\t\t\t\t\t\t<div>\n\t\t\t\t\t\t<img decoding=\"async\" src=\"https:\/\/discover-magazines.com\/wp-content\/uploads\/2019\/06\/GoldfingerRolex.jpg\" alt=\"\" \/>\n\t\t\t\t\t<\/div>\n\t\t\t\t\t\t\t\t\t\t<div>\n\t\t\t\t\t\t<h3 class=\"name\">Goldfinger Jewelry<\/h3>\n\t\t\t\t\t\t<p class=\"description\">\n\t\t\t\t\t\t\tMarigot - Saint-Martin\r\nPhilipsburg - Sint Maarten\r\nGustavia - Saint Barth\u00e9lemy\t\t\t\t\t\t<\/p>\n\t\t\t\t\t\t<a href=\"http:\/\/www.jewelrygoldfinger.com\/\" class=\"web\">Website<\/a>\t\t\t\t\t<\/div>\n\t\t\t\t<\/div>\n\t\t\t\t<div class=\"partenaire\">\n\t\t\t\t\t\t\t\t\t\t<div>\n\t\t\t\t\t\t<img decoding=\"async\" src=\"https:\/\/discover-magazines.com\/wp-content\/uploads\/2019\/06\/IcietLa.jpg\" alt=\"\" \/>\n\t\t\t\t\t<\/div>\n\t\t\t\t\t\t\t\t\t\t<div>\n\t\t\t\t\t\t<h3 class=\"name\">Ici &amp; La<\/h3>\n\t\t\t\t\t\t<p class=\"description\">\n\t\t\t\t\t\t\tGustavia - St. Barth\t\t\t\t\t\t<\/p>\n\t\t\t\t\t\t<a href=\"http:\/\/www.icietlavillas.com\/\" class=\"web\">Website<\/a>\t\t\t\t\t<\/div>\n\t\t\t\t<\/div>\n\t\t\t\t<div class=\"partenaire\">\n\t\t\t\t\t\t\t\t\t\t<div>\n\t\t\t\t\t\t<img decoding=\"async\" src=\"https:\/\/discover-magazines.com\/wp-content\/uploads\/2019\/06\/Ilena.jpg\" alt=\"\" \/>\n\t\t\t\t\t<\/div>\n\t\t\t\t\t\t\t\t\t\t<div>\n\t\t\t\t\t\t<h3 class=\"name\">Ilena<\/h3>\n\t\t\t\t\t\t<p class=\"description\">\n\t\t\t\t\t\t\tVilla Cr\u00e9ole - St Barth\t\t\t\t\t\t<\/p>\n\t\t\t\t\t\t\t\t\t\t\t<\/div>\n\t\t\t\t<\/div>\n\t\t\t\t<div class=\"partenaire\">\n\t\t\t\t\t\t\t\t\t\t<div>\n\t\t\t\t\t\t<img decoding=\"async\" src=\"https:\/\/discover-magazines.com\/wp-content\/uploads\/2019\/06\/Missimmo.jpg\" alt=\"\" \/>\n\t\t\t\t\t<\/div>\n\t\t\t\t\t\t\t\t\t\t<div>\n\t\t\t\t\t\t<h3 class=\"name\">Missimmo<\/h3>\n\t\t\t\t\t\t<p class=\"description\">\n\t\t\t\t\t\t\tGustavia - St. Barth\t\t\t\t\t\t<\/p>\n\t\t\t\t\t\t<a href=\"http:\/\/www.missimmo.com\/\" class=\"web\">Website<\/a>\t\t\t\t\t<\/div>\n\t\t\t\t<\/div>\n\t\t\t\t<div class=\"partenaire\">\n\t\t\t\t\t\t\t\t\t\t<div>\n\t\t\t\t\t\t<img decoding=\"async\" src=\"https:\/\/discover-magazines.com\/wp-content\/uploads\/2019\/06\/Realtylux.jpg\" alt=\"\" \/>\n\t\t\t\t\t<\/div>\n\t\t\t\t\t\t\t\t\t\t<div>\n\t\t\t\t\t\t<h3 class=\"name\">Realtylux<\/h3>\n\t\t\t\t\t\t<p class=\"description\">\n\t\t\t\t\t\t\tSint Maarten\t\t\t\t\t\t<\/p>\n\t\t\t\t\t\t<a href=\"http:\/\/www.realtylux.sx\/\" class=\"web\">Website<\/a>\t\t\t\t\t<\/div>\n\t\t\t\t<\/div>\n\t\t\t\t<div class=\"partenaire\">\n\t\t\t\t\t\t\t\t\t\t<div>\n\t\t\t\t\t\t<img decoding=\"async\" src=\"https:\/\/discover-magazines.com\/wp-content\/uploads\/2019\/06\/Time.jpg\" alt=\"\" \/>\n\t\t\t\t\t<\/div>\n\t\t\t\t\t\t\t\t\t\t<div>\n\t\t\t\t\t\t<h3 class=\"name\">Time<\/h3>\n\t\t\t\t\t\t<p class=\"description\">\n\t\t\t\t\t\t\tGustavia - St. Barth\t\t\t\t\t\t<\/p>\n\t\t\t\t\t\t\t\t\t\t\t<\/div>\n\t\t\t\t<\/div>\n\t\t\t\t<div class=\"partenaire\">\n\t\t\t\t\t\t\t\t\t\t<div>\n\t\t\t\t\t\t<img decoding=\"async\" src=\"https:\/\/discover-magazines.com\/wp-content\/uploads\/2019\/06\/VanitaRosa.jpg\" alt=\"\" \/>\n\t\t\t\t\t<\/div>\n\t\t\t\t\t\t\t\t\t\t<div>\n\t\t\t\t\t\t<h3 class=\"name\">Vanita Rosa<\/h3>\n\t\t\t\t\t\t<p class=\"description\">\n\t\t\t\t\t\t\tSaint Barth\u00e9lemy\r\nParis\t\t\t\t\t\t<\/p>\n\t\t\t\t\t\t<a href=\"http:\/\/www.vanitarosa.com\/\" class=\"web\">Website<\/a>\t\t\t\t\t<\/div>\n\t\t\t\t<\/div>\n\t\t\t\t<div class=\"partenaire\">\n\t\t\t\t\t\t\t\t\t\t<div>\n\t\t\t\t\t\t<img decoding=\"async\" src=\"https:\/\/discover-magazines.com\/wp-content\/uploads\/2019\/06\/WatersportsLaplaya.jpg\" alt=\"\" \/>\n\t\t\t\t\t<\/div>\n\t\t\t\t\t\t\t\t\t\t<div>\n\t\t\t\t\t\t<h3 class=\"name\">Watersports - La Playa<\/h3>\n\t\t\t\t\t\t<p class=\"description\">\n\t\t\t\t\t\t\tOrient Bay - Saint-Martin\t\t\t\t\t\t<\/p>\n\t\t\t\t\t\t<a href=\"http:\/\/www.watersports-laplaya.com\/\" class=\"web\">Website<\/a>\t\t\t\t\t<\/div>\n\t\t\t\t<\/div>\n\t\t\t\t<div class=\"partenaire\">\n\t\t\t\t\t\t\t\t\t\t<div>\n\t\t\t\t\t\t<img decoding=\"async\" src=\"https:\/\/discover-magazines.com\/wp-content\/uploads\/2019\/06\/WyDesign.jpg\" alt=\"\" \/>\n\t\t\t\t\t<\/div>\n\t\t\t\t\t\t\t\t\t\t<div>\n\t\t\t\t\t\t<h3 class=\"name\">WY DESIGN<\/h3>\n\t\t\t\t\t\t<p class=\"description\">\n\t\t\t\t\t\t\t\t\t\t\t\t\t<\/p>\n\t\t\t\t\t\t<a href=\"mailto:wydesign.sxm@gmail.com\" class=\"email\">Email<\/a>\t\t\t\t\t<\/div>\n\t\t\t\t<\/div>\n[\/et_pb_code][\/et_pb_column][\/et_pb_row][\/et_pb_section][et_pb_section fb_built=&#8221;1&#8243; _builder_version=&#8221;3.22.7&#8243;][et_pb_row _builder_version=&#8221;3.22.7&#8243;][et_pb_column type=&#8221;1_3&#8243; _builder_version=&#8221;3.22.7&#8243;][et_pb_text _builder_version=&#8221;3.22.7&#8243;]<\/p>\n<blockquote>\n<p><strong>Hotels advertisers<\/strong><\/p>\n<\/blockquote>\n<p>Eden Rock &#8211; St Barths<br \/>\nH\u00f4tel Christopher<br \/>\nLe Barth\u00e9lemy H\u00f4tel &amp; Spa<br \/>\nLe Village Saint Barth H\u00f4tel <a href=\"http:\/\/www.levillagestbarth.com\" target=\"_blank\" rel=\"noopener noreferrer\">www.levillagestbarth.com<\/a><br \/>\nVilla Marie Saint-Barth <a href=\"http:\/\/www.saint-barth.villamarie.fr\" target=\"_blank\" rel=\"noopener noreferrer\">www.saint-barth.villamarie.fr<\/a><\/p>\n<p>[\/et_pb_text][\/et_pb_column][et_pb_column type=&#8221;1_3&#8243; _builder_version=&#8221;3.22.7&#8243;][et_pb_text _builder_version=&#8221;3.22.7&#8243;]<\/p>\n<blockquote>\n<p><strong>Restaurants Advertisers<\/strong><\/p>\n<\/blockquote>\n<p>Le Repaire<br \/>\nLe Rock Bar <a href=\"http:\/\/www.edenrockhotel.com\" target=\"_blank\" rel=\"noopener noreferrer\">www.edenrockhotel.com<\/a><\/p>\n<p>[\/et_pb_text][\/et_pb_column][et_pb_column type=&#8221;1_3&#8243; _builder_version=&#8221;3.22.7&#8243;][et_pb_text _builder_version=&#8221;3.22.7&#8243;]<\/p>\n<blockquote>\n<p><strong>Other Advertisers<\/strong><\/p>\n<\/blockquote>\n<p>Herm\u00e8s<br \/> Silex Lightingl<br \/> Top Loc <a href=\"http:\/\/www.top-loc.com\" target=\"_blank\" rel=\"noopener noreferrer\">www.top-loc.com<\/a><\/p>\n<p>[\/et_pb_text][\/et_pb_column][\/et_pb_row][\/et_pb_section][et_pb_section fb_built=&#8221;1&#8243; _builder_version=&#8221;3.22.7&#8243;][et_pb_row _builder_version=&#8221;3.22.7&#8243;][et_pb_column type=&#8221;1_2&#8243; _builder_version=&#8221;3.22.7&#8243;][et_pb_button button_url=&#8221;https:\/\/discover-magazines.com\/en\/become-an-advertiser\/partners-saint-martin\/&#8221; button_text=&#8221;Our St. Martin partners&#8221; button_alignment=&#8221;center&#8221; _builder_version=&#8221;3.22.7&#8243;][\/et_pb_button][\/et_pb_column][et_pb_column type=&#8221;1_2&#8243; _builder_version=&#8221;3.22.7&#8243;][et_pb_button button_url=&#8221;https:\/\/discover-magazines.com\/en\/become-an-advertiser\/&#8221; button_text=&#8221;How become an advertiser ?&#8221; button_alignment=&#8221;center&#8221; _builder_version=&#8221;3.22.7&#8243;][\/et_pb_button][\/et_pb_column][\/et_pb_row][\/et_pb_section]<\/p>\n","protected":false},"excerpt":{"rendered":"<p>[et_pb_section fb_built=&#8221;1&#8243; _builder_version=&#8221;3.22.7&#8243; background_image=&#8221;https:\/\/discover-magazines.com\/wp-content\/uploads\/2019\/05\/background-plage.jpg&#8221;][et_pb_row _builder_version=&#8221;3.22.7&#8243;][et_pb_column type=&#8221;4_4&#8243; _builder_version=&#8221;3.22.7&#8243;][et_pb_text _builder_version=&#8221;3.22.7&#8243; module_class=&#8221;titrePageBackground&#8221;] St Barth\u00e9lemy [\/et_pb_text][et_pb_text _builder_version=&#8221;3.22.7&#8243; module_class=&#8221;sousTitrePageBackground&#8221;] Our partners: They trust us for Discover St Barth [\/et_pb_text][\/et_pb_column][\/et_pb_row][\/et_pb_section][et_pb_section fb_built=&#8221;1&#8243; _builder_version=&#8221;3.22.7&#8243;][et_pb_row module_id=&#8221;section_partenaires&#8221; _builder_version=&#8221;3.22.7&#8243;][et_pb_column type=&#8221;4_4&#8243; _builder_version=&#8221;3.22.7&#8243;][et_pb_text _builder_version=&#8221;3.22.7&#8243;] Discover n\u00b021, partners [\/et_pb_text][et_pb_code module_id=&#8221;partenaires_content&#8221; _builder_version=&#8221;3.22.7&#8243;][\/et_pb_code][\/et_pb_column][\/et_pb_row][\/et_pb_section][et_pb_section fb_built=&#8221;1&#8243; _builder_version=&#8221;3.22.7&#8243;][et_pb_row _builder_version=&#8221;3.22.7&#8243;][et_pb_column type=&#8221;1_3&#8243; _builder_version=&#8221;3.22.7&#8243;][et_pb_text _builder_version=&#8221;3.22.7&#8243;] Hotels advertisers Eden Rock &#8211; St Barths H\u00f4tel Christopher Le Barth\u00e9lemy H\u00f4tel [&hellip;]<\/p>\n","protected":false},"author":1,"featured_media":0,"parent":535,"menu_order":0,"comment_status":"closed","ping_status":"closed","template":"","meta":{"_acf_changed":false,"_et_pb_use_builder":"on","_et_pb_old_content":"","_et_gb_content_width":"","_monsterinsights_skip_tracking":false,"_monsterinsights_sitenote_active":false,"_monsterinsights_sitenote_note":"","_monsterinsights_sitenote_category":0,"_uf_show_specific_survey":0,"_uf_disable_surveys":false,"footnotes":""},"class_list":["post-537","page","type-page","status-publish","hentry"],"acf":[],"yoast_head":"<!-- This site is optimized with the Yoast SEO plugin v26.5 - https:\/\/yoast.com\/wordpress\/plugins\/seo\/ -->\n<title>Our partners in the Discover Magazine Saint Barthelemy - Discover Magazines<\/title>\n<meta name=\"description\" content=\"Advertisers Discover Magazine St Barthelemy Island\" \/>\n<meta name=\"robots\" content=\"index, follow, max-snippet:-1, max-image-preview:large, max-video-preview:-1\" \/>\n<link rel=\"canonical\" href=\"https:\/\/discover-magazines.com\/en\/become-an-advertiser\/partners-saint-barthelemy\/\" \/>\n<meta property=\"og:locale\" content=\"en_US\" \/>\n<meta property=\"og:type\" content=\"article\" \/>\n<meta property=\"og:title\" content=\"Our partners in the Discover Magazine Saint Barthelemy - Discover Magazines\" \/>\n<meta property=\"og:description\" content=\"Advertisers Discover Magazine St Barthelemy Island\" \/>\n<meta property=\"og:url\" content=\"https:\/\/discover-magazines.com\/en\/become-an-advertiser\/partners-saint-barthelemy\/\" \/>\n<meta property=\"og:site_name\" content=\"Discover Magazines\" \/>\n<meta property=\"article:modified_time\" content=\"2019-07-18T11:35:35+00:00\" \/>\n<meta name=\"twitter:card\" content=\"summary_large_image\" \/>\n<meta name=\"twitter:label1\" content=\"Est. reading time\" \/>\n\t<meta name=\"twitter:data1\" content=\"2 minutes\" \/>\n<script type=\"application\/ld+json\" class=\"yoast-schema-graph\">{\"@context\":\"https:\/\/schema.org\",\"@graph\":[{\"@type\":\"WebPage\",\"@id\":\"https:\/\/discover-magazines.com\/en\/become-an-advertiser\/partners-saint-barthelemy\/\",\"url\":\"https:\/\/discover-magazines.com\/en\/become-an-advertiser\/partners-saint-barthelemy\/\",\"name\":\"Our partners in the Discover Magazine Saint Barthelemy - Discover Magazines\",\"isPartOf\":{\"@id\":\"https:\/\/discover-magazines.com\/en\/#website\"},\"datePublished\":\"2019-07-15T09:14:27+00:00\",\"dateModified\":\"2019-07-18T11:35:35+00:00\",\"description\":\"Advertisers Discover Magazine St Barthelemy Island\",\"breadcrumb\":{\"@id\":\"https:\/\/discover-magazines.com\/en\/become-an-advertiser\/partners-saint-barthelemy\/#breadcrumb\"},\"inLanguage\":\"en-US\",\"potentialAction\":[{\"@type\":\"ReadAction\",\"target\":[\"https:\/\/discover-magazines.com\/en\/become-an-advertiser\/partners-saint-barthelemy\/\"]}]},{\"@type\":\"BreadcrumbList\",\"@id\":\"https:\/\/discover-magazines.com\/en\/become-an-advertiser\/partners-saint-barthelemy\/#breadcrumb\",\"itemListElement\":[{\"@type\":\"ListItem\",\"position\":1,\"name\":\"Accueil\",\"item\":\"https:\/\/discover-magazines.com\/en\/\"},{\"@type\":\"ListItem\",\"position\":2,\"name\":\"Become an advertiser\",\"item\":\"https:\/\/discover-magazines.com\/en\/become-an-advertiser\/\"},{\"@type\":\"ListItem\",\"position\":3,\"name\":\"Partners Saint Barthelemy\"}]},{\"@type\":\"WebSite\",\"@id\":\"https:\/\/discover-magazines.com\/en\/#website\",\"url\":\"https:\/\/discover-magazines.com\/en\/\",\"name\":\"Discover Magazines\",\"description\":\"Un site utilisant WordPress\",\"potentialAction\":[{\"@type\":\"SearchAction\",\"target\":{\"@type\":\"EntryPoint\",\"urlTemplate\":\"https:\/\/discover-magazines.com\/en\/?s={search_term_string}\"},\"query-input\":{\"@type\":\"PropertyValueSpecification\",\"valueRequired\":true,\"valueName\":\"search_term_string\"}}],\"inLanguage\":\"en-US\"}]}<\/script>\n<!-- \/ Yoast SEO plugin. -->","yoast_head_json":{"title":"Our partners in the Discover Magazine Saint Barthelemy - Discover Magazines","description":"Advertisers Discover Magazine St Barthelemy Island","robots":{"index":"index","follow":"follow","max-snippet":"max-snippet:-1","max-image-preview":"max-image-preview:large","max-video-preview":"max-video-preview:-1"},"canonical":"https:\/\/discover-magazines.com\/en\/become-an-advertiser\/partners-saint-barthelemy\/","og_locale":"en_US","og_type":"article","og_title":"Our partners in the Discover Magazine Saint Barthelemy - Discover Magazines","og_description":"Advertisers Discover Magazine St Barthelemy Island","og_url":"https:\/\/discover-magazines.com\/en\/become-an-advertiser\/partners-saint-barthelemy\/","og_site_name":"Discover Magazines","article_modified_time":"2019-07-18T11:35:35+00:00","twitter_card":"summary_large_image","twitter_misc":{"Est. reading time":"2 minutes"},"schema":{"@context":"https:\/\/schema.org","@graph":[{"@type":"WebPage","@id":"https:\/\/discover-magazines.com\/en\/become-an-advertiser\/partners-saint-barthelemy\/","url":"https:\/\/discover-magazines.com\/en\/become-an-advertiser\/partners-saint-barthelemy\/","name":"Our partners in the Discover Magazine Saint Barthelemy - Discover Magazines","isPartOf":{"@id":"https:\/\/discover-magazines.com\/en\/#website"},"datePublished":"2019-07-15T09:14:27+00:00","dateModified":"2019-07-18T11:35:35+00:00","description":"Advertisers Discover Magazine St Barthelemy Island","breadcrumb":{"@id":"https:\/\/discover-magazines.com\/en\/become-an-advertiser\/partners-saint-barthelemy\/#breadcrumb"},"inLanguage":"en-US","potentialAction":[{"@type":"ReadAction","target":["https:\/\/discover-magazines.com\/en\/become-an-advertiser\/partners-saint-barthelemy\/"]}]},{"@type":"BreadcrumbList","@id":"https:\/\/discover-magazines.com\/en\/become-an-advertiser\/partners-saint-barthelemy\/#breadcrumb","itemListElement":[{"@type":"ListItem","position":1,"name":"Accueil","item":"https:\/\/discover-magazines.com\/en\/"},{"@type":"ListItem","position":2,"name":"Become an advertiser","item":"https:\/\/discover-magazines.com\/en\/become-an-advertiser\/"},{"@type":"ListItem","position":3,"name":"Partners Saint Barthelemy"}]},{"@type":"WebSite","@id":"https:\/\/discover-magazines.com\/en\/#website","url":"https:\/\/discover-magazines.com\/en\/","name":"Discover Magazines","description":"Un site utilisant WordPress","potentialAction":[{"@type":"SearchAction","target":{"@type":"EntryPoint","urlTemplate":"https:\/\/discover-magazines.com\/en\/?s={search_term_string}"},"query-input":{"@type":"PropertyValueSpecification","valueRequired":true,"valueName":"search_term_string"}}],"inLanguage":"en-US"}]}},"_links":{"self":[{"href":"https:\/\/discover-magazines.com\/en\/wp-json\/wp\/v2\/pages\/537","targetHints":{"allow":["GET"]}}],"collection":[{"href":"https:\/\/discover-magazines.com\/en\/wp-json\/wp\/v2\/pages"}],"about":[{"href":"https:\/\/discover-magazines.com\/en\/wp-json\/wp\/v2\/types\/page"}],"author":[{"embeddable":true,"href":"https:\/\/discover-magazines.com\/en\/wp-json\/wp\/v2\/users\/1"}],"replies":[{"embeddable":true,"href":"https:\/\/discover-magazines.com\/en\/wp-json\/wp\/v2\/comments?post=537"}],"version-history":[{"count":4,"href":"https:\/\/discover-magazines.com\/en\/wp-json\/wp\/v2\/pages\/537\/revisions"}],"predecessor-version":[{"id":612,"href":"https:\/\/discover-magazines.com\/en\/wp-json\/wp\/v2\/pages\/537\/revisions\/612"}],"up":[{"embeddable":true,"href":"https:\/\/discover-magazines.com\/en\/wp-json\/wp\/v2\/pages\/535"}],"wp:attachment":[{"href":"https:\/\/discover-magazines.com\/en\/wp-json\/wp\/v2\/media?parent=537"}],"curies":[{"name":"wp","href":"https:\/\/api.w.org\/{rel}","templated":true}]}}