  
{"id":546,"date":"2019-07-15T11:37:25","date_gmt":"2019-07-15T09:37:25","guid":{"rendered":"https:\/\/discover-magazines.com\/legal-notice\/"},"modified":"2019-07-15T11:37:26","modified_gmt":"2019-07-15T09:37:26","slug":"legal-notice","status":"publish","type":"page","link":"https:\/\/discover-magazines.com\/en\/legal-notice\/","title":{"rendered":"Legal notice"},"content":{"rendered":"<p>[et_pb_section fb_built=&#8221;1&#8243; _builder_version=&#8221;3.22.7&#8243; background_image=&#8221;https:\/\/discover-magazines.com\/wp-content\/uploads\/2019\/05\/background-plage.jpg&#8221;][et_pb_row _builder_version=&#8221;3.25&#8243;][et_pb_column type=&#8221;4_4&#8243; _builder_version=&#8221;3.25&#8243; custom_padding=&#8221;|||&#8221; custom_padding__hover=&#8221;|||&#8221;][et_pb_text module_class=&#8221;titrePageBackground&#8221; _builder_version=&#8221;3.25.4&#8243;]<\/p>\n<h1>Legal notice<\/h1>\n<p>[\/et_pb_text][\/et_pb_column][\/et_pb_row][\/et_pb_section][et_pb_section fb_built=&#8221;1&#8243; _builder_version=&#8221;3.22.7&#8243;][et_pb_row _builder_version=&#8221;3.25&#8243;][et_pb_column type=&#8221;4_4&#8243; _builder_version=&#8221;3.25&#8243; custom_padding=&#8221;|||&#8221; custom_padding__hover=&#8221;|||&#8221;][et_pb_text _builder_version=&#8221;3.25.4&#8243;]<\/p>\n<h2>Information propri\u00e9taire et \u00e9diteur<\/h2>\n<p>Le site discover-magazines.com est la propri\u00e9t\u00e9 et est \u00e9dit\u00e9 par la SNC ROSDAL<br \/> ZA 1 Bellevue \u2013 BP. 478<br \/> 97055 Saint Martin CEDEX<br \/> T\u00e9l. 0590 51 91 20 \u2013 Fax. 0590 87 27 09<br \/> Directeur de la publication : Guy ROSA<br \/> E-mail: <a href=\"mailto:snc-rosdal@wanadoo.fr\">snc-rosdal@wanadoo.fr<\/a><\/p>\n<p>&nbsp;<\/p>\n<h2>D\u00e9veloppement et h\u00e9bergement du site<\/h2>\n<p>Les \u00e9volutions graphiques et techniques ont \u00e9t\u00e9 r\u00e9alis\u00e9es par :<br \/> Morgan FUCHS<br \/> R\u00e9sidence les Balcons d\u2019Entremont BAT D2<br \/> 30 avenue Alfred Capus<br \/> 13100 Aix-en-Provence<br \/> T\u00e9l : 06 85 22 24 25<br \/> www.sockaweb.fr<br \/> contact@sockaweb.fr<\/p>\n<p>Le site est h\u00e9berg\u00e9 sur les serveurs de la soci\u00e9t\u00e9 :<br \/> 1&amp;1 Internet SARL<br \/> 7, place de la Gare<br \/> BP 70109<br \/> 57201 Sarreguemines Cedex<\/p>\n<p>Ce site est optimis\u00e9 pour les derni\u00e8res versions des navigateurs Edge, Firefox, Opera, Chrome et Safari.<\/p>\n<p>&nbsp;<\/p>\n<h2>Cr\u00e9dits photos<\/h2>\n<p>Les cr\u00e9dits Photos des Magazines se trouvent dans les magazines eux-m\u00eames.<br \/> Les auteurs des diff\u00e9rentes photographies du site sont : Laurent Benoit \u2013 Oliver Leroy \u2013 Idim Web.<\/p>\n<p>&nbsp;<\/p>\n<h2>De l\u2019utilisation des photographies<\/h2>\n<p><strong>Toutes les photographies sur ce site ne sont PAS libres de droit et sont, sauf mention contraire, la propri\u00e9t\u00e9 exclusive de l\u2019Auteur.<\/strong><\/p>\n<p>L\u2019utilisation sans autorisation de l\u2019auteur d\u2019une photographie \u00e0 des fins commerciales ou \u00e0 d\u00e9faut en diffusion publique, sous quelque forme que ce soit, entra\u00eene la facturation imm\u00e9diate de l\u2019\u00e9quivalent de la prestation en cession de droits d\u2019auteurs, \u00e0 hauteur des bar\u00e8mes UPC, major\u00e9s de 200% avec une base forfaitaire minimale de 250,00 \u20ac de majoration num\u00e9raire en sus du bar\u00e8me applicable, et pourra faire l\u2019objet de poursuites judiciaires.<\/p>\n<p>Pour toutes demandes d\u2019utilisation des photographies pr\u00e9sentes sur le site, merci de bien vouloir contacter l\u2019auteur ou la SNC Rosdal: <a href=\"mailto:snc-rosdal@wanadoo.fr\">snc-rosdal@wanadoo.fr<\/a><\/p>\n<p>&nbsp;<\/p>\n<h2>Droit d\u2019auteur et reprise du contenu mis en ligne<\/h2>\n<p>Tous les textes, commentaires, ouvrages, documents, illustrations, oeuvres et images y compris les documents t\u00e9l\u00e9chargeables et les repr\u00e9sentations iconographiques et photographiques reproduits ou repr\u00e9sent\u00e9s sur le pr\u00e9sent site sont strictement r\u00e9serv\u00e9s au titre du droit d\u2019auteur ainsi qu\u2019au titre de la propri\u00e9t\u00e9 intellectuelle et pour le monde entier.<\/p>\n<p>A ce titre et conform\u00e9ment aux dispositions du code de la propri\u00e9t\u00e9 intellectuelle, seule l\u2019utilisation pour un usage priv\u00e9 sous r\u00e9serve de dispositions diff\u00e9rentes voir plus restrictives du code de la propri\u00e9t\u00e9 intellectuelle est autoris\u00e9e. Toute reproduction ou repr\u00e9sentation totale ou partielle du site ou de tout ou partie des \u00e9l\u00e9ments se trouvant sur le site est strictement interdite sauf autorisation pr\u00e9alable \u00e9crite et expresse, avec indication de l\u2019auteur et du nom de domaine : www.discover-magazines.com<\/p>\n<p>Les informations et communiqu\u00e9s publi\u00e9s dans ce site sont non contractuels. Le contenu mis \u00e0 disposition sur le pr\u00e9sent site est fourni \u00e0 titre informatif. Les informations de ce site peuvent contenir des inexactitudes techniques ou des erreurs typographiques. Ces informations peuvent \u00eatre p\u00e9riodiquement modifi\u00e9es. L\u2019existence d\u2019un lien du site www.discover-magazines.com vers un autre site ne constitue pas une validation de ce site ou de son contenu. Il appartient \u00e0 l\u2019internaute d\u2019utiliser ces informations avec discernement et esprit critique. La responsabilit\u00e9 de l\u2019\u00e9diteur ne saurait \u00eatre engag\u00e9e quant aux informations, opinions et recommandations formul\u00e9es par ces tiers.<\/p>\n<p>La cr\u00e9ation de liens avec le site est libre apr\u00e8s accord du webmaster. En outre, les informations utilis\u00e9es ne doivent l\u2019\u00eatre qu\u2019\u00e0 des fins personnelles ou associatives, toute diffusion ou utilisation \u00e0 des fins commerciales \u00e9tant exclues.<\/p>\n<p>&nbsp;<\/p>\n<h2>Droits d\u2019acc\u00e8s, de modification et de suppression<\/h2>\n<p>Le site www.discover-magazines.com garantit la confidentialit\u00e9 des donn\u00e9es transmises lors de l\u2019inscription au site. Les donn\u00e9es personnelles collect\u00e9es sur ce site sont \u00e0 l\u2019usage du propri\u00e9taire. L\u2019utilisateur dispose conform\u00e9ment \u00e0 l\u2019article 34 de la loi \u201cInformatique et Libert\u00e9s\u201d du 6 janvier 1978, d\u2019un droit d\u2019acc\u00e8s, de modification, de rectification et de suppression des donn\u00e9es qui le concerne. Il peut, \u00e0 tout moment, demander que ses contributions soient effac\u00e9es en contactant par courrier \u00e9lectronique \u00e0 l\u2019adresse snc-rosdal@wanadoo.fr.<\/p>\n<p>Le site n\u2019utilisera pas ces donn\u00e9es pour un usage commercial ni ne les c\u00e9dera \u00e0 un tiers sans l\u2019autorisation expresse de l\u2019utilisateur.<br \/> Le propri\u00e9taire du site se r\u00e9serve le droit, sauf opposition de votre part, d\u2019utiliser ces informations pour ses propres communications. Ces communications peuvent prendre la forme d\u2019un courrier \u00e9lectronique, une publication sur un service Internet (site, blog, \u2026) ou d\u2019un document papier.<\/p>\n<p>Nous vous informons de la pr\u00e9sence de cookies de session. Un cookie de session est un fichier texte qui se cr\u00e9e sur votre ordinateur. Ce fichier texte a une dur\u00e9e de vie limit\u00e9e et se d\u00e9truit \u00e0 la fin de votre consultation. Aucune des donn\u00e9es stock\u00e9es de votre ordinateur ne sont inscrites dans ces cookies de session. A chaque fois que vous changez de page, ce fichier texte permet au serveur de vous reconna\u00eetre en toute s\u00e9curit\u00e9. Sans cookie de session, vous devriez vous identifier \u00e0 chaque changement de page. La d\u00e9sactivation de ces cookies de session interdit l\u2019acc\u00e8s \u00e0 votre espace personnel.<\/p>\n<p>Nous vous informons \u00e9galement de la pr\u00e9sence d\u2019un cookie non d\u00e9truit \u00e0 la fin de votre consultation. Ce cookie nous permet d\u2019affiner l\u2019analyse de la fr\u00e9quentation de notre site. Tous les r\u00e9sultats obtenus sont compil\u00e9s et totalement anonymes. Dans tous les cas, vous avez le contr\u00f4le de ces cookies. Vous avez la possibilit\u00e9 de les lire, de les filtrer, de les refuser et de les d\u00e9truire dans la configuration de votre navigateur Interne comme suit :<\/p>\n<ul>\n<li>Sous Internet Explorer : Menu \u00ab Outils &gt; Options Internet \u00bb. Cliquez sur \u00ab Confidentialit\u00e9 \u00bb et choisissez \u00ab Bloquer tous les cookies \u00bb. Validez sur \u00ab OK \u00bb.<\/li>\n<li>Sous Mozilla Firefox : Menu \u00ab Outils &gt; Options. Cliquez sur l\u2019option \u00ab Vie priv\u00e9e \u00bb puis d\u00e9sactivez les cookies dans la rubrique \u00ab Cookies \u00bb.<\/li>\n<\/ul>\n<p>[\/et_pb_text][\/et_pb_column][\/et_pb_row][\/et_pb_section]<\/p>\n","protected":false},"excerpt":{"rendered":"<p>Legal noticeInformation propri\u00e9taire et \u00e9diteur Le site discover-magazines.com est la propri\u00e9t\u00e9 et est \u00e9dit\u00e9 par la SNC ROSDAL ZA 1 Bellevue \u2013 BP. 478 97055 Saint Martin CEDEX T\u00e9l. 0590 51 91 20 \u2013 Fax. 0590 87 27 09 Directeur de la publication : Guy ROSA E-mail: snc-rosdal@wanadoo.fr &nbsp; D\u00e9veloppement et h\u00e9bergement du site Les [&hellip;]<\/p>\n","protected":false},"author":1,"featured_media":0,"parent":0,"menu_order":0,"comment_status":"closed","ping_status":"closed","template":"","meta":{"_acf_changed":false,"_et_pb_use_builder":"on","_et_pb_old_content":"","_et_gb_content_width":"","_monsterinsights_skip_tracking":false,"_monsterinsights_sitenote_active":false,"_monsterinsights_sitenote_note":"","_monsterinsights_sitenote_category":0,"_uf_show_specific_survey":0,"_uf_disable_surveys":false,"footnotes":""},"class_list":["post-546","page","type-page","status-publish","hentry"],"acf":[],"yoast_head":"<!-- This site is optimized with the Yoast SEO plugin v26.5 - https:\/\/yoast.com\/wordpress\/plugins\/seo\/ -->\n<title>Legal notice - Discover Magazines<\/title>\n<meta name=\"robots\" content=\"index, follow, max-snippet:-1, max-image-preview:large, max-video-preview:-1\" \/>\n<link rel=\"canonical\" href=\"https:\/\/discover-magazines.com\/en\/legal-notice\/\" \/>\n<meta property=\"og:locale\" content=\"en_US\" \/>\n<meta property=\"og:type\" content=\"article\" \/>\n<meta property=\"og:title\" content=\"Legal notice - Discover Magazines\" \/>\n<meta property=\"og:description\" content=\"Legal noticeInformation propri\u00e9taire et \u00e9diteur Le site discover-magazines.com est la propri\u00e9t\u00e9 et est \u00e9dit\u00e9 par la SNC ROSDAL ZA 1 Bellevue \u2013 BP. 478 97055 Saint Martin CEDEX T\u00e9l. 0590 51 91 20 \u2013 Fax. 0590 87 27 09 Directeur de la publication : Guy ROSA E-mail: snc-rosdal@wanadoo.fr &nbsp; D\u00e9veloppement et h\u00e9bergement du site Les [&hellip;]\" \/>\n<meta property=\"og:url\" content=\"https:\/\/discover-magazines.com\/en\/legal-notice\/\" \/>\n<meta property=\"og:site_name\" content=\"Discover Magazines\" \/>\n<meta property=\"article:modified_time\" content=\"2019-07-15T09:37:26+00:00\" \/>\n<meta name=\"twitter:card\" content=\"summary_large_image\" \/>\n<meta name=\"twitter:label1\" content=\"Est. reading time\" \/>\n\t<meta name=\"twitter:data1\" content=\"5 minutes\" \/>\n<script type=\"application\/ld+json\" class=\"yoast-schema-graph\">{\"@context\":\"https:\/\/schema.org\",\"@graph\":[{\"@type\":\"WebPage\",\"@id\":\"https:\/\/discover-magazines.com\/en\/legal-notice\/\",\"url\":\"https:\/\/discover-magazines.com\/en\/legal-notice\/\",\"name\":\"Legal notice - Discover Magazines\",\"isPartOf\":{\"@id\":\"https:\/\/discover-magazines.com\/en\/#website\"},\"datePublished\":\"2019-07-15T09:37:25+00:00\",\"dateModified\":\"2019-07-15T09:37:26+00:00\",\"breadcrumb\":{\"@id\":\"https:\/\/discover-magazines.com\/en\/legal-notice\/#breadcrumb\"},\"inLanguage\":\"en-US\",\"potentialAction\":[{\"@type\":\"ReadAction\",\"target\":[\"https:\/\/discover-magazines.com\/en\/legal-notice\/\"]}]},{\"@type\":\"BreadcrumbList\",\"@id\":\"https:\/\/discover-magazines.com\/en\/legal-notice\/#breadcrumb\",\"itemListElement\":[{\"@type\":\"ListItem\",\"position\":1,\"name\":\"Accueil\",\"item\":\"https:\/\/discover-magazines.com\/en\/\"},{\"@type\":\"ListItem\",\"position\":2,\"name\":\"Legal notice\"}]},{\"@type\":\"WebSite\",\"@id\":\"https:\/\/discover-magazines.com\/en\/#website\",\"url\":\"https:\/\/discover-magazines.com\/en\/\",\"name\":\"Discover Magazines\",\"description\":\"Un site utilisant WordPress\",\"potentialAction\":[{\"@type\":\"SearchAction\",\"target\":{\"@type\":\"EntryPoint\",\"urlTemplate\":\"https:\/\/discover-magazines.com\/en\/?s={search_term_string}\"},\"query-input\":{\"@type\":\"PropertyValueSpecification\",\"valueRequired\":true,\"valueName\":\"search_term_string\"}}],\"inLanguage\":\"en-US\"}]}<\/script>\n<!-- \/ Yoast SEO plugin. -->","yoast_head_json":{"title":"Legal notice - Discover Magazines","robots":{"index":"index","follow":"follow","max-snippet":"max-snippet:-1","max-image-preview":"max-image-preview:large","max-video-preview":"max-video-preview:-1"},"canonical":"https:\/\/discover-magazines.com\/en\/legal-notice\/","og_locale":"en_US","og_type":"article","og_title":"Legal notice - Discover Magazines","og_description":"Legal noticeInformation propri\u00e9taire et \u00e9diteur Le site discover-magazines.com est la propri\u00e9t\u00e9 et est \u00e9dit\u00e9 par la SNC ROSDAL ZA 1 Bellevue \u2013 BP. 478 97055 Saint Martin CEDEX T\u00e9l. 0590 51 91 20 \u2013 Fax. 0590 87 27 09 Directeur de la publication : Guy ROSA E-mail: snc-rosdal@wanadoo.fr &nbsp; D\u00e9veloppement et h\u00e9bergement du site Les [&hellip;]","og_url":"https:\/\/discover-magazines.com\/en\/legal-notice\/","og_site_name":"Discover Magazines","article_modified_time":"2019-07-15T09:37:26+00:00","twitter_card":"summary_large_image","twitter_misc":{"Est. reading time":"5 minutes"},"schema":{"@context":"https:\/\/schema.org","@graph":[{"@type":"WebPage","@id":"https:\/\/discover-magazines.com\/en\/legal-notice\/","url":"https:\/\/discover-magazines.com\/en\/legal-notice\/","name":"Legal notice - Discover Magazines","isPartOf":{"@id":"https:\/\/discover-magazines.com\/en\/#website"},"datePublished":"2019-07-15T09:37:25+00:00","dateModified":"2019-07-15T09:37:26+00:00","breadcrumb":{"@id":"https:\/\/discover-magazines.com\/en\/legal-notice\/#breadcrumb"},"inLanguage":"en-US","potentialAction":[{"@type":"ReadAction","target":["https:\/\/discover-magazines.com\/en\/legal-notice\/"]}]},{"@type":"BreadcrumbList","@id":"https:\/\/discover-magazines.com\/en\/legal-notice\/#breadcrumb","itemListElement":[{"@type":"ListItem","position":1,"name":"Accueil","item":"https:\/\/discover-magazines.com\/en\/"},{"@type":"ListItem","position":2,"name":"Legal notice"}]},{"@type":"WebSite","@id":"https:\/\/discover-magazines.com\/en\/#website","url":"https:\/\/discover-magazines.com\/en\/","name":"Discover Magazines","description":"Un site utilisant WordPress","potentialAction":[{"@type":"SearchAction","target":{"@type":"EntryPoint","urlTemplate":"https:\/\/discover-magazines.com\/en\/?s={search_term_string}"},"query-input":{"@type":"PropertyValueSpecification","valueRequired":true,"valueName":"search_term_string"}}],"inLanguage":"en-US"}]}},"_links":{"self":[{"href":"https:\/\/discover-magazines.com\/en\/wp-json\/wp\/v2\/pages\/546","targetHints":{"allow":["GET"]}}],"collection":[{"href":"https:\/\/discover-magazines.com\/en\/wp-json\/wp\/v2\/pages"}],"about":[{"href":"https:\/\/discover-magazines.com\/en\/wp-json\/wp\/v2\/types\/page"}],"author":[{"embeddable":true,"href":"https:\/\/discover-magazines.com\/en\/wp-json\/wp\/v2\/users\/1"}],"replies":[{"embeddable":true,"href":"https:\/\/discover-magazines.com\/en\/wp-json\/wp\/v2\/comments?post=546"}],"version-history":[{"count":1,"href":"https:\/\/discover-magazines.com\/en\/wp-json\/wp\/v2\/pages\/546\/revisions"}],"predecessor-version":[{"id":547,"href":"https:\/\/discover-magazines.com\/en\/wp-json\/wp\/v2\/pages\/546\/revisions\/547"}],"wp:attachment":[{"href":"https:\/\/discover-magazines.com\/en\/wp-json\/wp\/v2\/media?parent=546"}],"curies":[{"name":"wp","href":"https:\/\/api.w.org\/{rel}","templated":true}]}}