  
{"id":723,"date":"2020-02-27T09:46:55","date_gmt":"2020-02-27T08:46:55","guid":{"rendered":"https:\/\/discover-magazines.com\/?page_id=723"},"modified":"2020-02-27T09:46:56","modified_gmt":"2020-02-27T08:46:56","slug":"discover-n23-st-barth","status":"publish","type":"page","link":"https:\/\/discover-magazines.com\/en\/magazine-presentation\/discover-n23-st-barth\/","title":{"rendered":"Discover n\u00b023 &#8211; St Barth"},"content":{"rendered":"<p>[et_pb_section fb_built=&#8221;1&#8243; _builder_version=&#8221;3.22.7&#8243; background_image=&#8221;https:\/\/discover-magazines.com\/wp-content\/uploads\/2019\/06\/discover-magazines-trail-alex-walk.jpg&#8221;][\/et_pb_section][et_pb_section fb_built=&#8221;1&#8243; _builder_version=&#8221;3.22.7&#8243;][et_pb_row _builder_version=&#8221;3.25&#8243;][et_pb_column type=&#8221;4_4&#8243; _builder_version=&#8221;3.25&#8243; custom_padding=&#8221;|||&#8221; custom_padding__hover=&#8221;|||&#8221;][et_pb_text module_class=&#8221;titrePageBackground&#8221; _builder_version=&#8221;4.0.11&#8243; hover_enabled=&#8221;0&#8243;]Saint Barthelemy[\/et_pb_text][et_pb_text module_class=&#8221;sousTitrePageBackground&#8221; _builder_version=&#8221;4.0.11&#8243;]Browse the 2020 issue of Discover Saint Barthelemy \u2013 n\u00b023[\/et_pb_text][\/et_pb_column][\/et_pb_row][et_pb_row column_structure=&#8221;2_3,1_3&#8243; _builder_version=&#8221;3.25&#8243; background_color=&#8221;#ffffff&#8221; custom_padding=&#8221;30px|30px|30px|30px|true|true&#8221; border_radii=&#8221;on|10px|10px|10px|10px&#8221; box_shadow_style=&#8221;preset1&#8243;][et_pb_column type=&#8221;2_3&#8243; _builder_version=&#8221;3.25&#8243; custom_padding=&#8221;|||&#8221; custom_padding__hover=&#8221;|||&#8221;][et_pb_text _builder_version=&#8221;4.0.11&#8243; custom_padding=&#8221;0px|||||&#8221;]<\/p>\n<h1>Discover Saint Barth\u00e9lemy &#8211; n\u00b023<\/h1>\n<blockquote><\/blockquote>\n<p><span style=\"font-size: 15px;\">Lost in the middle of the Atlantic Ocean, this 9.7 square mile rock has this inexplicable charm about it. This enchanting island with gorgeous views, is famous across the world for its white sand beaches, it\u2019s French &#8220;way of life&#8221; and unforgettable parties. Saint Barth\u2019s charm hasn\u2019t changed these last couple years, despite everything it\u2019s been through. With lush vegetations and green mountain tops, it\u2019s clear to see that the island has gotten it\u2019s second wind after the devastating destruction it faced from Hurricane Irma. Difficult not to talk about it as it is now part of the history of the island, perched on our lips and engraved in the memories of all Saint Barth.<\/span><\/p>\n<p>Orson Welles once said, \u201cwe\u2019re born alone, we die alone,\u201d but St. Barth is one of those precious places where the community takes precedence over the individual. In the wake of the hurricane, Irma has instilled in each of us invaluable values: humility in the face of nature and the power of the sum of individual strengths. Now two years later, the 2020 season promises to be under the best auspices: the hotels are reopening at record speed, the restaurants are setting the scene, and everyone is impatiently waiting for the famous Bucket Regatta. As has been the custom every year since 1995, the most spectacular yachts in the world, veritable floating palaces, will meet for four days in the port of Gustavia. The St. Barth Commuter, which is celebrating its 25th anniversary this year, will continue to amaze its passengers by flying them to and from the famous Saint Jean Airport.<\/p>\n<p>But the magic of Saint Barth is above all else, this hold it has on you. This physical attraction that binds you forever to this unique island. Living &#8220;on Saint Barth&#8221; is above all enjoying all these simple little moments that make our lives invaluable: watching a sunset at Gustavia&#8217;s lighthouse, exchanging a few smiles with the locals at La Pointe or listening to the sound of waves crashing on the pebbles of Grand Fond beach. Here, our connection with the elements of nature allow us to enjoy the present moment. Isn&#8217;t that what the epitome of happiness is? In Saint Barth, the greatest wealth is above all that of the heart. Welcome to Saint Barth\u00e9lemy and welcome to Amour \u00e0 Gustavia, your 23rd issue of Discover Magazine.<\/p>\n<p>[\/et_pb_text][\/et_pb_column][et_pb_column type=&#8221;1_3&#8243; _builder_version=&#8221;3.25&#8243; custom_padding=&#8221;|||&#8221; custom_padding__hover=&#8221;|||&#8221;][et_pb_button button_url=&#8221;https:\/\/discover-magazines.com\/magazines\/discover-st-barth\/23\/&#8221; button_text=&#8221;Read online issue #23&#8243; button_alignment=&#8221;center&#8221; _builder_version=&#8221;4.0.11&#8243;][\/et_pb_button][et_pb_image src=&#8221;https:\/\/discover-magazines.com\/wp-content\/uploads\/2020\/01\/discover-saint-barth-33-couverture.jpg&#8221; align_tablet=&#8221;center&#8221; align_phone=&#8221;&#8221; align_last_edited=&#8221;on|desktop&#8221; _builder_version=&#8221;4.0.11&#8243; border_radii=&#8221;on|10px|10px|10px|10px&#8221; box_shadow_style=&#8221;preset1&#8243;][\/et_pb_image][\/et_pb_column][\/et_pb_row][\/et_pb_section][et_pb_section fb_built=&#8221;1&#8243; _builder_version=&#8221;3.22.7&#8243; background_color=&#8221;#004977&#8243;][et_pb_row _builder_version=&#8221;3.25&#8243;][et_pb_column type=&#8221;4_4&#8243; _builder_version=&#8221;3.25&#8243; custom_padding=&#8221;|||&#8221; custom_padding__hover=&#8221;|||&#8221;][et_pb_text _builder_version=&#8221;3.27.4&#8243; text_font=&#8221;||||||||&#8221; background_layout=&#8221;dark&#8221;]<\/p>\n<h2>L&#8217;\u00e9quipe de Discover St. Barth\u00e9l\u00e9my<\/h2>\n<p>[\/et_pb_text][\/et_pb_column][\/et_pb_row][et_pb_row column_structure=&#8221;1_2,1_2&#8243; _builder_version=&#8221;3.25&#8243;][et_pb_column type=&#8221;1_2&#8243; _builder_version=&#8221;3.25&#8243; custom_padding=&#8221;|||&#8221; custom_padding__hover=&#8221;|||&#8221;][et_pb_text _builder_version=&#8221;3.27.4&#8243; text_font=&#8221;||||||||&#8221; background_layout=&#8221;dark&#8221;]<\/p>\n<blockquote>\n<p><strong>Discover\u2019s Team<\/strong><\/p>\n<\/blockquote>\n<p><strong>Directeur de la publication<\/strong><br \/><span>Guy Rosa<\/span><br \/><strong>Responsable publicit\u00e9<\/strong><br \/><span>Thibault Roy<br \/><strong>Direction artistique<\/strong><br \/>Thibault Roy<\/span><br \/><strong>R\u00e9dacteurs<br \/><\/strong><span>Lucie Tavernier | Romane Roy<\/span><br \/><strong>Photographes<\/strong><br \/><span>Piergab Pichon | Laurent Beno\u00eet<\/span><\/p>\n<p>[\/et_pb_text][\/et_pb_column][et_pb_column type=&#8221;1_2&#8243; _builder_version=&#8221;3.25&#8243; custom_padding=&#8221;|||&#8221; custom_padding__hover=&#8221;|||&#8221;][et_pb_text _builder_version=&#8221;3.27.4&#8243; text_font=&#8221;||||||||&#8221; background_layout=&#8221;dark&#8221;]<\/p>\n<blockquote>\n<p><strong>Magazine\u2019s Contributors<\/strong><\/p>\n<\/blockquote>\n<p>KAY BOURLIER \/ VANESSA HOPE \/ STEVEN TATE \/ NO\u00c9MIE LABORDE \/ LAUR\u00c8NE CHAPUIS \/ MONIQUE PIGNET \/ JEAN MARTIN \/ DAVINA \/ BERTRAND MAGRAS \/ NATALIA \u00c9CHEVERRIA \/MARINA COCHER \/ MONIQUE PIGNET \/ THOMAS PROUST<\/p>\n<p>[\/et_pb_text][\/et_pb_column][\/et_pb_row][et_pb_row _builder_version=&#8221;3.25&#8243;][et_pb_column type=&#8221;4_4&#8243; _builder_version=&#8221;3.25&#8243; custom_padding=&#8221;|||&#8221; custom_padding__hover=&#8221;|||&#8221;][et_pb_text _builder_version=&#8221;3.27.4&#8243; text_font=&#8221;||||||||&#8221; background_layout=&#8221;dark&#8221;]<\/p>\n<blockquote>\n<p><strong>Cr\u00e9dits<\/strong><\/p>\n<\/blockquote>\n<p><span>SIRET 398 567 289 00 10 \u2013 APE 5814Z \u2013 2016 ISSN 1165-4588 \u00a9 2010 \u2013 La loi du 11 mars 1957 interdit les copies et les reproductions destin\u00e9es \u00e0 l\u2019utilisation collective. Toute repr\u00e9sentation ou reproduction m\u00eame partielle faite par quelque proc\u00e9d\u00e9 que ce soit, sans le consentement de l\u2019auteur ou de ses ayants cause, est illicite et cause une contrefa\u00e7on sanctionn\u00e9e par les articles 425 et suivants du code p\u00e9nal. La marque Discover Saint Barth\u00e9lemy est d\u00e9pos\u00e9e en France et \u00e0 l\u2019\u00e9tranger. N\u00b0 de d\u00e9p\u00f4t : 885 309 \u2013 N\u00b0 d\u2019enregistrement : 1 591 983\u00a0<\/span><br \/><span>Date de d\u00e9p\u00f4t : 30 Octobre 1987 \u2013 Renouvellement : Octobre 2007 \u2013 Impression : Communaut\u00e9 Europ\u00e9enne.<\/span><\/p>\n<p>[\/et_pb_text][\/et_pb_column][\/et_pb_row][et_pb_row _builder_version=&#8221;3.25&#8243;][et_pb_column type=&#8221;4_4&#8243; _builder_version=&#8221;3.25&#8243; custom_padding=&#8221;|||&#8221; custom_padding__hover=&#8221;|||&#8221;][et_pb_text _builder_version=&#8221;3.27.4&#8243; text_font=&#8221;||||||||&#8221; background_layout=&#8221;dark&#8221;]BACK ON\u2026<br \/>\nBack to the previous covers of Discover Saint Martin \/ Sint Maarten.<\/p>\n<p><img loading=\"lazy\" decoding=\"async\" src=\"https:\/\/discover-magazines.com\/wp-content\/uploads\/2019\/06\/covers-discover-saint-barthelemy.png\" width=\"800\" height=\"164\" alt=\"\" class=\"wp-image-211 alignnone size-full\" srcset=\"https:\/\/discover-magazines.com\/wp-content\/uploads\/2019\/06\/covers-discover-saint-barthelemy.png 800w, https:\/\/discover-magazines.com\/wp-content\/uploads\/2019\/06\/covers-discover-saint-barthelemy-300x62.png 300w, https:\/\/discover-magazines.com\/wp-content\/uploads\/2019\/06\/covers-discover-saint-barthelemy-768x157.png 768w\" sizes=\"(max-width: 800px) 100vw, 800px\" \/>[\/et_pb_text][\/et_pb_column][\/et_pb_row][\/et_pb_section]<\/p>\n","protected":false},"excerpt":{"rendered":"<p>Saint BarthelemyBrowse the 2020 issue of Discover Saint Barthelemy \u2013 n\u00b023Discover Saint Barth\u00e9lemy &#8211; n\u00b023 Lost in the middle of the Atlantic Ocean, this 9.7 square mile rock has this inexplicable charm about it. This enchanting island with gorgeous views, is famous across the world for its white sand beaches, it\u2019s French &#8220;way of life&#8221; [&hellip;]<\/p>\n","protected":false},"author":1,"featured_media":0,"parent":517,"menu_order":0,"comment_status":"closed","ping_status":"closed","template":"","meta":{"_acf_changed":false,"_et_pb_use_builder":"on","_et_pb_old_content":"","_et_gb_content_width":"","_monsterinsights_skip_tracking":false,"_monsterinsights_sitenote_active":false,"_monsterinsights_sitenote_note":"","_monsterinsights_sitenote_category":0,"_uf_show_specific_survey":0,"_uf_disable_surveys":false,"footnotes":""},"class_list":["post-723","page","type-page","status-publish","hentry"],"acf":[],"yoast_head":"<!-- This site is optimized with the Yoast SEO plugin v26.5 - https:\/\/yoast.com\/wordpress\/plugins\/seo\/ -->\n<title>Magazine n\u00b023 - Discover of Saint Barth\u00e9l\u00e9my - Discover Magazines<\/title>\n<meta name=\"description\" content=\"Discover the latest edition of Saint Barth\u00e9l\u00e9my&#039;s Discover magazine. Check out our latest issue n \u00b0 23 directly online.\" \/>\n<meta name=\"robots\" content=\"index, follow, max-snippet:-1, max-image-preview:large, max-video-preview:-1\" \/>\n<link rel=\"canonical\" href=\"https:\/\/discover-magazines.com\/en\/magazine-presentation\/discover-n23-st-barth\/\" \/>\n<meta property=\"og:locale\" content=\"en_US\" \/>\n<meta property=\"og:type\" content=\"article\" \/>\n<meta property=\"og:title\" content=\"Magazine n\u00b023 - Discover of Saint Barth\u00e9l\u00e9my - Discover Magazines\" \/>\n<meta property=\"og:description\" content=\"Discover the latest edition of Saint Barth\u00e9l\u00e9my&#039;s Discover magazine. Check out our latest issue n \u00b0 23 directly online.\" \/>\n<meta property=\"og:url\" content=\"https:\/\/discover-magazines.com\/en\/magazine-presentation\/discover-n23-st-barth\/\" \/>\n<meta property=\"og:site_name\" content=\"Discover Magazines\" \/>\n<meta property=\"article:modified_time\" content=\"2020-02-27T08:46:56+00:00\" \/>\n<meta property=\"og:image\" content=\"https:\/\/discover-magazines.com\/wp-content\/uploads\/2019\/06\/covers-discover-saint-barthelemy.png\" \/>\n<meta name=\"twitter:card\" content=\"summary_large_image\" \/>\n<meta name=\"twitter:label1\" content=\"Est. reading time\" \/>\n\t<meta name=\"twitter:data1\" content=\"5 minutes\" \/>\n<script type=\"application\/ld+json\" class=\"yoast-schema-graph\">{\"@context\":\"https:\/\/schema.org\",\"@graph\":[{\"@type\":\"WebPage\",\"@id\":\"https:\/\/discover-magazines.com\/en\/magazine-presentation\/discover-n23-st-barth\/\",\"url\":\"https:\/\/discover-magazines.com\/en\/magazine-presentation\/discover-n23-st-barth\/\",\"name\":\"Magazine n\u00b023 - Discover of Saint Barth\u00e9l\u00e9my - Discover Magazines\",\"isPartOf\":{\"@id\":\"https:\/\/discover-magazines.com\/en\/#website\"},\"primaryImageOfPage\":{\"@id\":\"https:\/\/discover-magazines.com\/en\/magazine-presentation\/discover-n23-st-barth\/#primaryimage\"},\"image\":{\"@id\":\"https:\/\/discover-magazines.com\/en\/magazine-presentation\/discover-n23-st-barth\/#primaryimage\"},\"thumbnailUrl\":\"https:\/\/discover-magazines.com\/wp-content\/uploads\/2019\/06\/covers-discover-saint-barthelemy.png\",\"datePublished\":\"2020-02-27T08:46:55+00:00\",\"dateModified\":\"2020-02-27T08:46:56+00:00\",\"description\":\"Discover the latest edition of Saint Barth\u00e9l\u00e9my's Discover magazine. Check out our latest issue n \u00b0 23 directly online.\",\"breadcrumb\":{\"@id\":\"https:\/\/discover-magazines.com\/en\/magazine-presentation\/discover-n23-st-barth\/#breadcrumb\"},\"inLanguage\":\"en-US\",\"potentialAction\":[{\"@type\":\"ReadAction\",\"target\":[\"https:\/\/discover-magazines.com\/en\/magazine-presentation\/discover-n23-st-barth\/\"]}]},{\"@type\":\"ImageObject\",\"inLanguage\":\"en-US\",\"@id\":\"https:\/\/discover-magazines.com\/en\/magazine-presentation\/discover-n23-st-barth\/#primaryimage\",\"url\":\"https:\/\/discover-magazines.com\/wp-content\/uploads\/2019\/06\/covers-discover-saint-barthelemy.png\",\"contentUrl\":\"https:\/\/discover-magazines.com\/wp-content\/uploads\/2019\/06\/covers-discover-saint-barthelemy.png\"},{\"@type\":\"BreadcrumbList\",\"@id\":\"https:\/\/discover-magazines.com\/en\/magazine-presentation\/discover-n23-st-barth\/#breadcrumb\",\"itemListElement\":[{\"@type\":\"ListItem\",\"position\":1,\"name\":\"Accueil\",\"item\":\"https:\/\/discover-magazines.com\/en\/\"},{\"@type\":\"ListItem\",\"position\":2,\"name\":\"Magazine presentation\",\"item\":\"https:\/\/discover-magazines.com\/en\/magazine-presentation\/\"},{\"@type\":\"ListItem\",\"position\":3,\"name\":\"Discover n\u00b023 &#8211; St Barth\"}]},{\"@type\":\"WebSite\",\"@id\":\"https:\/\/discover-magazines.com\/en\/#website\",\"url\":\"https:\/\/discover-magazines.com\/en\/\",\"name\":\"Discover Magazines\",\"description\":\"Un site utilisant WordPress\",\"potentialAction\":[{\"@type\":\"SearchAction\",\"target\":{\"@type\":\"EntryPoint\",\"urlTemplate\":\"https:\/\/discover-magazines.com\/en\/?s={search_term_string}\"},\"query-input\":{\"@type\":\"PropertyValueSpecification\",\"valueRequired\":true,\"valueName\":\"search_term_string\"}}],\"inLanguage\":\"en-US\"}]}<\/script>\n<!-- \/ Yoast SEO plugin. -->","yoast_head_json":{"title":"Magazine n\u00b023 - Discover of Saint Barth\u00e9l\u00e9my - Discover Magazines","description":"Discover the latest edition of Saint Barth\u00e9l\u00e9my's Discover magazine. Check out our latest issue n \u00b0 23 directly online.","robots":{"index":"index","follow":"follow","max-snippet":"max-snippet:-1","max-image-preview":"max-image-preview:large","max-video-preview":"max-video-preview:-1"},"canonical":"https:\/\/discover-magazines.com\/en\/magazine-presentation\/discover-n23-st-barth\/","og_locale":"en_US","og_type":"article","og_title":"Magazine n\u00b023 - Discover of Saint Barth\u00e9l\u00e9my - Discover Magazines","og_description":"Discover the latest edition of Saint Barth\u00e9l\u00e9my's Discover magazine. Check out our latest issue n \u00b0 23 directly online.","og_url":"https:\/\/discover-magazines.com\/en\/magazine-presentation\/discover-n23-st-barth\/","og_site_name":"Discover Magazines","article_modified_time":"2020-02-27T08:46:56+00:00","og_image":[{"url":"https:\/\/discover-magazines.com\/wp-content\/uploads\/2019\/06\/covers-discover-saint-barthelemy.png","type":"","width":"","height":""}],"twitter_card":"summary_large_image","twitter_misc":{"Est. reading time":"5 minutes"},"schema":{"@context":"https:\/\/schema.org","@graph":[{"@type":"WebPage","@id":"https:\/\/discover-magazines.com\/en\/magazine-presentation\/discover-n23-st-barth\/","url":"https:\/\/discover-magazines.com\/en\/magazine-presentation\/discover-n23-st-barth\/","name":"Magazine n\u00b023 - Discover of Saint Barth\u00e9l\u00e9my - Discover Magazines","isPartOf":{"@id":"https:\/\/discover-magazines.com\/en\/#website"},"primaryImageOfPage":{"@id":"https:\/\/discover-magazines.com\/en\/magazine-presentation\/discover-n23-st-barth\/#primaryimage"},"image":{"@id":"https:\/\/discover-magazines.com\/en\/magazine-presentation\/discover-n23-st-barth\/#primaryimage"},"thumbnailUrl":"https:\/\/discover-magazines.com\/wp-content\/uploads\/2019\/06\/covers-discover-saint-barthelemy.png","datePublished":"2020-02-27T08:46:55+00:00","dateModified":"2020-02-27T08:46:56+00:00","description":"Discover the latest edition of Saint Barth\u00e9l\u00e9my's Discover magazine. Check out our latest issue n \u00b0 23 directly online.","breadcrumb":{"@id":"https:\/\/discover-magazines.com\/en\/magazine-presentation\/discover-n23-st-barth\/#breadcrumb"},"inLanguage":"en-US","potentialAction":[{"@type":"ReadAction","target":["https:\/\/discover-magazines.com\/en\/magazine-presentation\/discover-n23-st-barth\/"]}]},{"@type":"ImageObject","inLanguage":"en-US","@id":"https:\/\/discover-magazines.com\/en\/magazine-presentation\/discover-n23-st-barth\/#primaryimage","url":"https:\/\/discover-magazines.com\/wp-content\/uploads\/2019\/06\/covers-discover-saint-barthelemy.png","contentUrl":"https:\/\/discover-magazines.com\/wp-content\/uploads\/2019\/06\/covers-discover-saint-barthelemy.png"},{"@type":"BreadcrumbList","@id":"https:\/\/discover-magazines.com\/en\/magazine-presentation\/discover-n23-st-barth\/#breadcrumb","itemListElement":[{"@type":"ListItem","position":1,"name":"Accueil","item":"https:\/\/discover-magazines.com\/en\/"},{"@type":"ListItem","position":2,"name":"Magazine presentation","item":"https:\/\/discover-magazines.com\/en\/magazine-presentation\/"},{"@type":"ListItem","position":3,"name":"Discover n\u00b023 &#8211; St Barth"}]},{"@type":"WebSite","@id":"https:\/\/discover-magazines.com\/en\/#website","url":"https:\/\/discover-magazines.com\/en\/","name":"Discover Magazines","description":"Un site utilisant WordPress","potentialAction":[{"@type":"SearchAction","target":{"@type":"EntryPoint","urlTemplate":"https:\/\/discover-magazines.com\/en\/?s={search_term_string}"},"query-input":{"@type":"PropertyValueSpecification","valueRequired":true,"valueName":"search_term_string"}}],"inLanguage":"en-US"}]}},"_links":{"self":[{"href":"https:\/\/discover-magazines.com\/en\/wp-json\/wp\/v2\/pages\/723","targetHints":{"allow":["GET"]}}],"collection":[{"href":"https:\/\/discover-magazines.com\/en\/wp-json\/wp\/v2\/pages"}],"about":[{"href":"https:\/\/discover-magazines.com\/en\/wp-json\/wp\/v2\/types\/page"}],"author":[{"embeddable":true,"href":"https:\/\/discover-magazines.com\/en\/wp-json\/wp\/v2\/users\/1"}],"replies":[{"embeddable":true,"href":"https:\/\/discover-magazines.com\/en\/wp-json\/wp\/v2\/comments?post=723"}],"version-history":[{"count":4,"href":"https:\/\/discover-magazines.com\/en\/wp-json\/wp\/v2\/pages\/723\/revisions"}],"predecessor-version":[{"id":845,"href":"https:\/\/discover-magazines.com\/en\/wp-json\/wp\/v2\/pages\/723\/revisions\/845"}],"up":[{"embeddable":true,"href":"https:\/\/discover-magazines.com\/en\/wp-json\/wp\/v2\/pages\/517"}],"wp:attachment":[{"href":"https:\/\/discover-magazines.com\/en\/wp-json\/wp\/v2\/media?parent=723"}],"curies":[{"name":"wp","href":"https:\/\/api.w.org\/{rel}","templated":true}]}}